{"id":10465,"date":"2014-11-08T12:45:05","date_gmt":"2014-11-08T10:45:05","guid":{"rendered":"https:\/\/www.hotel-luedenbach.de\/agb-2\/"},"modified":"2023-06-13T15:49:04","modified_gmt":"2023-06-13T13:49:04","slug":"agb","status":"publish","type":"page","link":"https:\/\/www.hotel-luedenbach.de\/en\/agb\/","title":{"rendered":"AGBs"},"content":{"rendered":"<div class=\"pixcode  pixcode--grid  grid  \">\n\n<div class=\"grid__item six-twelfths palm-one-whole \">\n\n<h2>Booking<\/h2>\n<p>Our range of rooms is divided by room. It is not possible for us to confirm a specific room number or floor. On arrival the rooms are available from 15 clock. On departure the rooms are available until 11 clock.<\/p>\n<p>As a Non smoking you can book with us Non smoking rooms.<\/p>\n<p>Please contact us with your reservation.<\/p>\n\n<\/div>\n\n<div class=\"grid__item six-twelfths palm-one-whole \">\n\n<div class=\"structures\">\n<h2>Cancellation policies<\/h2>\n<p>Please pay attention to our cancellation policies before:\u00a0 The cancellation is free of charge up to 3 days of arrival, two day or less of the room rate are charged for cancellation if we cannot sell the room.<\/p>\n<p>For early booker rooms cancellation or changes are not possible. In case of a cancellation, the full amount will be charged from your credit card.<\/p>\n<p>During fairs we have special cancellation policies:<br \/>\nFree of charge up to 8 weeks before the date of arrival, after this time we&#8217;ll charge 100% of the room rate if we cannot sell the room.<\/p>\n<p>For group reservation we charge a deposit (100%).<\/p>\n<\/div>\n\n<\/div>\n\n\n<\/div>\n\n<p>&nbsp;<\/p>\n<p style=\"text-align: center;\"><a  class=\"pixcode  pixcode--btn  btn  btn--large\" href=\"https:\/\/www.hotel-luedenbach.de\/wp-content\/uploads\/agbh-ludenbach-en.pdf\" target=\"_blank\">Open AGBH<\/a>\n","protected":false},"excerpt":{"rendered":"<p>&nbsp;<\/p>\n","protected":false},"author":1,"featured_media":0,"parent":0,"menu_order":0,"comment_status":"closed","ping_status":"open","template":"","meta":{"footnotes":""},"class_list":["post-10465","page","type-page","status-publish","hentry"],"yoast_head":"<!-- This site is optimized with the Yoast SEO plugin v26.9 - https:\/\/yoast.com\/product\/yoast-seo-wordpress\/ -->\n<title>AGBs &#8211; Hotel Restaurant L\u00fcdenbach<\/title>\n<meta name=\"description\" content=\"AGBs im\/beim Hotel Restaurant L\u00fcdenbach in Overath bei K\u00f6ln \u2714 Das Superior (3 Sterne) Hotel und Restaurant der Familie L\u00fcdenbach liegt in Overath in direkter N\u00e4he zu K\u00f6ln mitten im Bergischen Land \u2714 Es ist bestens geeignet f\u00fcr Ausfl\u00fcge in das Bergische Land oder f\u00fcr \u00dcbernachtungen bei Messen, Tagungen und Seminaren in der Umgebung.\" \/>\n<meta name=\"robots\" content=\"index, follow, max-snippet:-1, max-image-preview:large, max-video-preview:-1\" \/>\n<meta property=\"og:locale\" content=\"en_US\" \/>\n<meta property=\"og:type\" content=\"article\" \/>\n<meta property=\"og:title\" content=\"AGBs &#8211; Hotel Restaurant L\u00fcdenbach\" \/>\n<meta property=\"og:description\" content=\"AGBs im\/beim Hotel Restaurant L\u00fcdenbach in Overath bei K\u00f6ln \u2714 Das Superior (3 Sterne) Hotel und Restaurant der Familie L\u00fcdenbach liegt in Overath in direkter N\u00e4he zu K\u00f6ln mitten im Bergischen Land \u2714 Es ist bestens geeignet f\u00fcr Ausfl\u00fcge in das Bergische Land oder f\u00fcr \u00dcbernachtungen bei Messen, Tagungen und Seminaren in der Umgebung.\" \/>\n<meta property=\"og:url\" content=\"https:\/\/www.hotel-luedenbach.de\/en\/agb\/\" \/>\n<meta property=\"og:site_name\" content=\"Hotel Restaurant L\u00fcdenbach\" \/>\n<meta property=\"article:publisher\" content=\"https:\/\/www.facebook.com\/HotelLuedenbach\" \/>\n<meta property=\"article:modified_time\" content=\"2023-06-13T13:49:04+00:00\" \/>\n<meta name=\"twitter:card\" content=\"summary_large_image\" \/>\n<meta name=\"twitter:site\" content=\"@hotelluedenbach\" \/>\n<meta name=\"twitter:label1\" content=\"Est. reading time\" \/>\n\t<meta name=\"twitter:data1\" content=\"1 minute\" \/>\n<script type=\"application\/ld+json\" class=\"yoast-schema-graph\">{\"@context\":\"https:\/\/schema.org\",\"@graph\":[{\"@type\":\"WebPage\",\"@id\":\"https:\/\/www.hotel-luedenbach.de\/en\/agb\/\",\"url\":\"https:\/\/www.hotel-luedenbach.de\/en\/agb\/\",\"name\":\"AGBs &#8211; Hotel Restaurant L\u00fcdenbach\",\"isPartOf\":{\"@id\":\"https:\/\/www.hotel-luedenbach.de\/#website\"},\"datePublished\":\"2014-11-08T10:45:05+00:00\",\"dateModified\":\"2023-06-13T13:49:04+00:00\",\"description\":\"AGBs im\/beim Hotel Restaurant L\u00fcdenbach in Overath bei K\u00f6ln \u2714 Das Superior (3 Sterne) Hotel und Restaurant der Familie L\u00fcdenbach liegt in Overath in direkter N\u00e4he zu K\u00f6ln mitten im Bergischen Land \u2714 Es ist bestens geeignet f\u00fcr Ausfl\u00fcge in das Bergische Land oder f\u00fcr \u00dcbernachtungen bei Messen, Tagungen und Seminaren in der Umgebung.\",\"breadcrumb\":{\"@id\":\"https:\/\/www.hotel-luedenbach.de\/en\/agb\/#breadcrumb\"},\"inLanguage\":\"en-US\",\"potentialAction\":[{\"@type\":\"ReadAction\",\"target\":[\"https:\/\/www.hotel-luedenbach.de\/en\/agb\/\"]}]},{\"@type\":\"BreadcrumbList\",\"@id\":\"https:\/\/www.hotel-luedenbach.de\/en\/agb\/#breadcrumb\",\"itemListElement\":[{\"@type\":\"ListItem\",\"position\":1,\"name\":\"Home\",\"item\":\"https:\/\/www.hotel-luedenbach.de\/en\/\"},{\"@type\":\"ListItem\",\"position\":2,\"name\":\"AGBs\"}]},{\"@type\":\"WebSite\",\"@id\":\"https:\/\/www.hotel-luedenbach.de\/#website\",\"url\":\"https:\/\/www.hotel-luedenbach.de\/\",\"name\":\"Hotel Restaurant L\u00fcdenbach\",\"description\":\"\",\"publisher\":{\"@id\":\"https:\/\/www.hotel-luedenbach.de\/#organization\"},\"potentialAction\":[{\"@type\":\"SearchAction\",\"target\":{\"@type\":\"EntryPoint\",\"urlTemplate\":\"https:\/\/www.hotel-luedenbach.de\/?s={search_term_string}\"},\"query-input\":{\"@type\":\"PropertyValueSpecification\",\"valueRequired\":true,\"valueName\":\"search_term_string\"}}],\"inLanguage\":\"en-US\"},{\"@type\":\"Organization\",\"@id\":\"https:\/\/www.hotel-luedenbach.de\/#organization\",\"name\":\"Hotel Restaurant L\u00fcdenbach\",\"url\":\"https:\/\/www.hotel-luedenbach.de\/\",\"logo\":{\"@type\":\"ImageObject\",\"inLanguage\":\"en-US\",\"@id\":\"https:\/\/www.hotel-luedenbach.de\/#\/schema\/logo\/image\/\",\"url\":\"https:\/\/www.hotel-luedenbach.de\/wp-content\/uploads\/cropped-luedenbach-website-icon.png\",\"contentUrl\":\"https:\/\/www.hotel-luedenbach.de\/wp-content\/uploads\/cropped-luedenbach-website-icon.png\",\"width\":512,\"height\":512,\"caption\":\"Hotel Restaurant L\u00fcdenbach\"},\"image\":{\"@id\":\"https:\/\/www.hotel-luedenbach.de\/#\/schema\/logo\/image\/\"},\"sameAs\":[\"https:\/\/www.facebook.com\/HotelLuedenbach\",\"https:\/\/x.com\/hotelluedenbach\",\"http:\/\/hotelrestaurantluedenbach\",\"https:\/\/www.youtube.com\/channel\/UCKkdSof6JazIVh3usRahNig\"]}]}<\/script>\n<!-- \/ Yoast SEO plugin. -->","yoast_head_json":{"title":"AGBs &#8211; Hotel Restaurant L\u00fcdenbach","description":"AGBs im\/beim Hotel Restaurant L\u00fcdenbach in Overath bei K\u00f6ln \u2714 Das Superior (3 Sterne) Hotel und Restaurant der Familie L\u00fcdenbach liegt in Overath in direkter N\u00e4he zu K\u00f6ln mitten im Bergischen Land \u2714 Es ist bestens geeignet f\u00fcr Ausfl\u00fcge in das Bergische Land oder f\u00fcr \u00dcbernachtungen bei Messen, Tagungen und Seminaren in der Umgebung.","robots":{"index":"index","follow":"follow","max-snippet":"max-snippet:-1","max-image-preview":"max-image-preview:large","max-video-preview":"max-video-preview:-1"},"og_locale":"en_US","og_type":"article","og_title":"AGBs &#8211; Hotel Restaurant L\u00fcdenbach","og_description":"AGBs im\/beim Hotel Restaurant L\u00fcdenbach in Overath bei K\u00f6ln \u2714 Das Superior (3 Sterne) Hotel und Restaurant der Familie L\u00fcdenbach liegt in Overath in direkter N\u00e4he zu K\u00f6ln mitten im Bergischen Land \u2714 Es ist bestens geeignet f\u00fcr Ausfl\u00fcge in das Bergische Land oder f\u00fcr \u00dcbernachtungen bei Messen, Tagungen und Seminaren in der Umgebung.","og_url":"https:\/\/www.hotel-luedenbach.de\/en\/agb\/","og_site_name":"Hotel Restaurant L\u00fcdenbach","article_publisher":"https:\/\/www.facebook.com\/HotelLuedenbach","article_modified_time":"2023-06-13T13:49:04+00:00","twitter_card":"summary_large_image","twitter_site":"@hotelluedenbach","twitter_misc":{"Est. reading time":"1 minute"},"schema":{"@context":"https:\/\/schema.org","@graph":[{"@type":"WebPage","@id":"https:\/\/www.hotel-luedenbach.de\/en\/agb\/","url":"https:\/\/www.hotel-luedenbach.de\/en\/agb\/","name":"AGBs &#8211; Hotel Restaurant L\u00fcdenbach","isPartOf":{"@id":"https:\/\/www.hotel-luedenbach.de\/#website"},"datePublished":"2014-11-08T10:45:05+00:00","dateModified":"2023-06-13T13:49:04+00:00","description":"AGBs im\/beim Hotel Restaurant L\u00fcdenbach in Overath bei K\u00f6ln \u2714 Das Superior (3 Sterne) Hotel und Restaurant der Familie L\u00fcdenbach liegt in Overath in direkter N\u00e4he zu K\u00f6ln mitten im Bergischen Land \u2714 Es ist bestens geeignet f\u00fcr Ausfl\u00fcge in das Bergische Land oder f\u00fcr \u00dcbernachtungen bei Messen, Tagungen und Seminaren in der Umgebung.","breadcrumb":{"@id":"https:\/\/www.hotel-luedenbach.de\/en\/agb\/#breadcrumb"},"inLanguage":"en-US","potentialAction":[{"@type":"ReadAction","target":["https:\/\/www.hotel-luedenbach.de\/en\/agb\/"]}]},{"@type":"BreadcrumbList","@id":"https:\/\/www.hotel-luedenbach.de\/en\/agb\/#breadcrumb","itemListElement":[{"@type":"ListItem","position":1,"name":"Home","item":"https:\/\/www.hotel-luedenbach.de\/en\/"},{"@type":"ListItem","position":2,"name":"AGBs"}]},{"@type":"WebSite","@id":"https:\/\/www.hotel-luedenbach.de\/#website","url":"https:\/\/www.hotel-luedenbach.de\/","name":"Hotel Restaurant L\u00fcdenbach","description":"","publisher":{"@id":"https:\/\/www.hotel-luedenbach.de\/#organization"},"potentialAction":[{"@type":"SearchAction","target":{"@type":"EntryPoint","urlTemplate":"https:\/\/www.hotel-luedenbach.de\/?s={search_term_string}"},"query-input":{"@type":"PropertyValueSpecification","valueRequired":true,"valueName":"search_term_string"}}],"inLanguage":"en-US"},{"@type":"Organization","@id":"https:\/\/www.hotel-luedenbach.de\/#organization","name":"Hotel Restaurant L\u00fcdenbach","url":"https:\/\/www.hotel-luedenbach.de\/","logo":{"@type":"ImageObject","inLanguage":"en-US","@id":"https:\/\/www.hotel-luedenbach.de\/#\/schema\/logo\/image\/","url":"https:\/\/www.hotel-luedenbach.de\/wp-content\/uploads\/cropped-luedenbach-website-icon.png","contentUrl":"https:\/\/www.hotel-luedenbach.de\/wp-content\/uploads\/cropped-luedenbach-website-icon.png","width":512,"height":512,"caption":"Hotel Restaurant L\u00fcdenbach"},"image":{"@id":"https:\/\/www.hotel-luedenbach.de\/#\/schema\/logo\/image\/"},"sameAs":["https:\/\/www.facebook.com\/HotelLuedenbach","https:\/\/x.com\/hotelluedenbach","http:\/\/hotelrestaurantluedenbach","https:\/\/www.youtube.com\/channel\/UCKkdSof6JazIVh3usRahNig"]}]}},"_links":{"self":[{"href":"https:\/\/www.hotel-luedenbach.de\/en\/wp-json\/wp\/v2\/pages\/10465","targetHints":{"allow":["GET"]}}],"collection":[{"href":"https:\/\/www.hotel-luedenbach.de\/en\/wp-json\/wp\/v2\/pages"}],"about":[{"href":"https:\/\/www.hotel-luedenbach.de\/en\/wp-json\/wp\/v2\/types\/page"}],"author":[{"embeddable":true,"href":"https:\/\/www.hotel-luedenbach.de\/en\/wp-json\/wp\/v2\/users\/1"}],"replies":[{"embeddable":true,"href":"https:\/\/www.hotel-luedenbach.de\/en\/wp-json\/wp\/v2\/comments?post=10465"}],"version-history":[{"count":4,"href":"https:\/\/www.hotel-luedenbach.de\/en\/wp-json\/wp\/v2\/pages\/10465\/revisions"}],"predecessor-version":[{"id":10469,"href":"https:\/\/www.hotel-luedenbach.de\/en\/wp-json\/wp\/v2\/pages\/10465\/revisions\/10469"}],"wp:attachment":[{"href":"https:\/\/www.hotel-luedenbach.de\/en\/wp-json\/wp\/v2\/media?parent=10465"}],"curies":[{"name":"wp","href":"https:\/\/api.w.org\/{rel}","templated":true}]}}