{"id":10407,"date":"2014-12-24T01:35:57","date_gmt":"2014-12-23T23:35:57","guid":{"rendered":"https:\/\/www.hotel-luedenbach.de\/?page_id=10407"},"modified":"2016-03-07T15:28:45","modified_gmt":"2016-03-07T13:28:45","slug":"hotel","status":"publish","type":"page","link":"https:\/\/www.hotel-luedenbach.de\/en\/hotel\/","title":{"rendered":"Hotel"},"content":{"rendered":"<div class=\"pixcode  pixcode--grid  grid  \">\n\n<div class=\"grid__item six-twelfths palm-one-whole \">\n\n<hgroup class=\"pixcode  pixcode--heading article__headline\">\n\t<h2 class=\"headline__secondary\"><span class=\"first-letter\">S<\/span>uperior<\/h2>\n\t<h1 class=\"headline__primary\">Room<\/h1>\n<\/hgroup>\n<p style=\"text-align: center;\"><i class=\"pixcode  pixcode--icon  icon-e-star    medium  \"><\/i> <i class=\"pixcode  pixcode--icon  icon-e-star    medium  \"><\/i> <i class=\"pixcode  pixcode--icon  icon-e-star    medium  \"><\/i>\n<p style=\"text-align: center;\">All rooms have: Shower, WC, telepfone, Hair dryer, desk and LCD TV with digital satellite channels and 80 channels (can be used as a PC monitor) and free wireless hotspot of Hotsplots<\/p>\n<p style=\"text-align: center;\">All rooms are non smoking.<\/p>\n\n<\/div>\n\n<div class=\"grid__item six-twelfths palm-one-whole \">\n\n<p><a href=\"https:\/\/www.hotel-luedenbach.de\/wp-content\/uploads\/hotel-luedenbach-zimmer.jpg\"><img decoding=\"async\" class=\"aligncenter size-full wp-image-10085\" src=\"https:\/\/www.hotel-luedenbach.de\/wp-content\/uploads\/hotel-luedenbach-zimmer.jpg\" alt=\"hotel-luedenbach-zimmer\" width=\"600\" srcset=\"https:\/\/www.hotel-luedenbach.de\/wp-content\/uploads\/hotel-luedenbach-zimmer.jpg 1920w, https:\/\/www.hotel-luedenbach.de\/wp-content\/uploads\/hotel-luedenbach-zimmer-800x533.jpg 800w, https:\/\/www.hotel-luedenbach.de\/wp-content\/uploads\/hotel-luedenbach-zimmer-768x512.jpg 768w, https:\/\/www.hotel-luedenbach.de\/wp-content\/uploads\/hotel-luedenbach-zimmer-1280x853.jpg 1280w, https:\/\/www.hotel-luedenbach.de\/wp-content\/uploads\/hotel-luedenbach-zimmer-600x400.jpg 600w, https:\/\/www.hotel-luedenbach.de\/wp-content\/uploads\/hotel-luedenbach-zimmer-1200x800.jpg 1200w, https:\/\/www.hotel-luedenbach.de\/wp-content\/uploads\/hotel-luedenbach-zimmer-900x600.jpg 900w, https:\/\/www.hotel-luedenbach.de\/wp-content\/uploads\/hotel-luedenbach-zimmer-400x267.jpg 400w, https:\/\/www.hotel-luedenbach.de\/wp-content\/uploads\/hotel-luedenbach-zimmer-340x227.jpg 340w, https:\/\/www.hotel-luedenbach.de\/wp-content\/uploads\/hotel-luedenbach-zimmer-1000x667.jpg 1000w\" sizes=\"(max-width: 1920px) 100vw, 1920px\" \/><\/a><\/p>\n\n<\/div>\n\n\n<\/div>\n\n<div class=\"pixcode  pixcode--grid  grid  \">\n\n<div class=\"grid__item one-whole palm-one-whole \">\n\n<div class=\"pixcode  pixcode--separator  separator separator--line-flower\">\n<div class=\"line  line--left\"><\/div>\n<div class=\"line  line--right\"><\/div>\n<div class=\"star\">&#10043;<\/div>\n<div class=\"arrows\">\n<div class=\"arrow arrow--left\"><\/div>\n<div class=\"arrow arrow--right\"><\/div>\n<\/div>\n<\/div>\n\n\t\t<div style=\"clear:both\"><\/div>\n\t\t<div class=\"psgal_wrap\">\n\t\t\t<div id=\"psgal_10407_1\" data-psgal_id=\"10407_1\" data-psgal_container_id=\"container_10407_1\" data-psgal_thumbnail_width=\"170\" data-psgal_use_masonary=\"0\" class=\"psgal-inline psgal gallery-columns-1 gallery-size-thumbnail use_masonry_ show_captions_\" itemscope itemtype=\"http:\/\/schema.org\/ImageGallery\">\n\t\t\t\t\t\t\t\t\t\t<figure class=\"msnry_items\" itemscope itemtype=\"http:\/\/schema.org\/ImageObject\" style=\"width:170px;\">\n\t\t\t\t\t\t\t<a href=\"https:\/\/www.hotel-luedenbach.de\/wp-content\/uploads\/hotel-luedenbach-zimmer-1000x743.jpg\" itemprop=\"contentUrl\" data-size=\"1000x743\" data-caption=\"\" style=\"height:119.058823529px;\">\n\t\t\t\t\t\t\t\t<img decoding=\"async\" class=\"msnry_thumb\" src=\"https:\/\/www.hotel-luedenbach.de\/wp-content\/uploads\/hotel-luedenbach-zimmer-340x253.jpg\" itemprop=\"thumbnail\" alt=\"\" \/>\n\t\t\t\t\t\t\t<\/a>\n\t\t\t\t\t\t\t\t\t\t\t\t\t\t<figcaption class=\"photoswipe-gallery-caption\" style=\"display:none;\"><\/figcaption>\n\n\t\t\t\t\t\t<\/figure>\n\t\t\t\t\t\t\t\t\t\t<figure class=\"msnry_items\" itemscope itemtype=\"http:\/\/schema.org\/ImageObject\" style=\"width:170px;\">\n\t\t\t\t\t\t\t<a href=\"https:\/\/www.hotel-luedenbach.de\/wp-content\/uploads\/hotel-luedenbach-zimmer-2-1000x750.jpg\" itemprop=\"contentUrl\" data-size=\"1000x750\" data-caption=\"\" style=\"height:120px;\">\n\t\t\t\t\t\t\t\t<img decoding=\"async\" class=\"msnry_thumb\" src=\"https:\/\/www.hotel-luedenbach.de\/wp-content\/uploads\/hotel-luedenbach-zimmer-2-340x255.jpg\" itemprop=\"thumbnail\" alt=\"\" \/>\n\t\t\t\t\t\t\t<\/a>\n\t\t\t\t\t\t\t\t\t\t\t\t\t\t<figcaption class=\"photoswipe-gallery-caption\" style=\"display:none;\"><\/figcaption>\n\n\t\t\t\t\t\t<\/figure>\n\t\t\t\t\t\t\t\t\t\t<figure class=\"msnry_items\" itemscope itemtype=\"http:\/\/schema.org\/ImageObject\" style=\"width:170px;\">\n\t\t\t\t\t\t\t<a href=\"https:\/\/www.hotel-luedenbach.de\/wp-content\/uploads\/hotel-luedenbach-zimmer-3-1000x720.jpg\" itemprop=\"contentUrl\" data-size=\"1000x720\" data-caption=\"\" style=\"height:115.294117647px;\">\n\t\t\t\t\t\t\t\t<img decoding=\"async\" class=\"msnry_thumb\" src=\"https:\/\/www.hotel-luedenbach.de\/wp-content\/uploads\/hotel-luedenbach-zimmer-3-340x245.jpg\" itemprop=\"thumbnail\" alt=\"\" \/>\n\t\t\t\t\t\t\t<\/a>\n\t\t\t\t\t\t\t\t\t\t\t\t\t\t<figcaption class=\"photoswipe-gallery-caption\" style=\"display:none;\"><\/figcaption>\n\n\t\t\t\t\t\t<\/figure>\n\t\t\t\t\t\t\t\t\t\t<figure class=\"msnry_items\" itemscope itemtype=\"http:\/\/schema.org\/ImageObject\" style=\"width:170px;\">\n\t\t\t\t\t\t\t<a href=\"https:\/\/www.hotel-luedenbach.de\/wp-content\/uploads\/hotel-luedenbach-zimmer-6-1000x717.jpg\" itemprop=\"contentUrl\" data-size=\"1000x717\" data-caption=\"\" style=\"height:114.823529412px;\">\n\t\t\t\t\t\t\t\t<img decoding=\"async\" class=\"msnry_thumb\" src=\"https:\/\/www.hotel-luedenbach.de\/wp-content\/uploads\/hotel-luedenbach-zimmer-6-340x244.jpg\" itemprop=\"thumbnail\" alt=\"\" \/>\n\t\t\t\t\t\t\t<\/a>\n\t\t\t\t\t\t\t\t\t\t\t\t\t\t<figcaption class=\"photoswipe-gallery-caption\" style=\"display:none;\"><\/figcaption>\n\n\t\t\t\t\t\t<\/figure>\n\t\t\t\t\t\t\t\t\t\t<figure class=\"msnry_items\" itemscope itemtype=\"http:\/\/schema.org\/ImageObject\" style=\"width:170px;\">\n\t\t\t\t\t\t\t<a href=\"https:\/\/www.hotel-luedenbach.de\/wp-content\/uploads\/restaurant-luedenbach-reservierung.jpg\" itemprop=\"contentUrl\" data-size=\"800x582\" data-caption=\"\" style=\"height:116.235294118px;\">\n\t\t\t\t\t\t\t\t<img decoding=\"async\" class=\"msnry_thumb\" src=\"https:\/\/www.hotel-luedenbach.de\/wp-content\/uploads\/restaurant-luedenbach-reservierung-340x247.jpg\" itemprop=\"thumbnail\" alt=\"\" \/>\n\t\t\t\t\t\t\t<\/a>\n\t\t\t\t\t\t\t\t\t\t\t\t\t\t<figcaption class=\"photoswipe-gallery-caption\" style=\"display:none;\"><\/figcaption>\n\n\t\t\t\t\t\t<\/figure>\n\t\t\t\t\t\t\t\t\t\t<figure class=\"msnry_items\" itemscope itemtype=\"http:\/\/schema.org\/ImageObject\" style=\"width:170px;\">\n\t\t\t\t\t\t\t<a href=\"https:\/\/www.hotel-luedenbach.de\/wp-content\/uploads\/hotel-luedenbach-zimmer-5.jpg\" itemprop=\"contentUrl\" data-size=\"980x706\" data-caption=\"\" style=\"height:115.294117647px;\">\n\t\t\t\t\t\t\t\t<img decoding=\"async\" class=\"msnry_thumb\" src=\"https:\/\/www.hotel-luedenbach.de\/wp-content\/uploads\/hotel-luedenbach-zimmer-5-340x245.jpg\" itemprop=\"thumbnail\" alt=\"\" \/>\n\t\t\t\t\t\t\t<\/a>\n\t\t\t\t\t\t\t\t\t\t\t\t\t\t<figcaption class=\"photoswipe-gallery-caption\" style=\"display:none;\"><\/figcaption>\n\n\t\t\t\t\t\t<\/figure>\n\t\t\t\t\t\t\t\t\t\t<figure class=\"msnry_items\" itemscope itemtype=\"http:\/\/schema.org\/ImageObject\" style=\"width:170px;\">\n\t\t\t\t\t\t\t<a href=\"https:\/\/www.hotel-luedenbach.de\/wp-content\/uploads\/hotel-luedenbach-sterne.jpg\" itemprop=\"contentUrl\" data-size=\"620x451\" data-caption=\"\" style=\"height:116.235294118px;\">\n\t\t\t\t\t\t\t\t<img decoding=\"async\" class=\"msnry_thumb\" src=\"https:\/\/www.hotel-luedenbach.de\/wp-content\/uploads\/hotel-luedenbach-sterne-340x247.jpg\" itemprop=\"thumbnail\" alt=\"\" \/>\n\t\t\t\t\t\t\t<\/a>\n\t\t\t\t\t\t\t\t\t\t\t\t\t\t<figcaption class=\"photoswipe-gallery-caption\" style=\"display:none;\"><\/figcaption>\n\n\t\t\t\t\t\t<\/figure>\n\t\t\t\t\t\t\t<\/div>\n\t\t<\/div>\n\t\t<div style='clear:both'><\/div>\n\n<div class=\"pixcode  pixcode--separator  separator separator--line-flower\">\n<div class=\"line  line--left\"><\/div>\n<div class=\"line  line--right\"><\/div>\n<div class=\"star\">&#10043;<\/div>\n<div class=\"arrows\">\n<div class=\"arrow arrow--left\"><\/div>\n<div class=\"arrow arrow--right\"><\/div>\n<\/div>\n<\/div>\n\n\n<\/div>\n\n\n<\/div>\n\n<div class=\"pixcode  pixcode--grid  grid  \">\n\n<p style=\"text-align: left;\"><div class=\"grid__item six-twelfths palm-one-whole \">\n\n<h3 style=\"text-align: center;\">Hotel room prices<\/h3>\n<p style=\"text-align: center;\"><strong>Business (18m\u00b2)<\/strong><br \/>\nsingle room: from 59 \u20ac<br \/>\ntwin toom: from 85 \u20ac<br \/>\nroom with two single beds: from 85 \u20ac<\/p>\n<p style=\"text-align: center;\"><strong>Comfort (26m\u00b2)<\/strong><br \/>\nsingle room: from 73 \u20ac<br \/>\ntwin toom: from 95 \u20ac<br \/>\nthree bed room: from 120 \u20ac<\/p>\n<p style=\"text-align: center;\">Our prices are incl. breakfast.<\/p>\n\n<\/div>\n\n<div class=\"grid__item six-twelfths palm-one-whole \">\n\n<h3 style=\"text-align: center;\">Packages<\/h3>\n<p style=\"text-align: center;\"><strong>Breakfast<\/strong><br \/>\nIf you shouldn\u2019t use our extensive breakfast you get 5 \u20ac per person are refunded and overnight stay.<\/p>\n<p style=\"text-align: center;\"><strong>Half-board<\/strong><br \/>\nYou can use our varied 3-courses-menu for extra charge of 18.50 \u20ac per person and overnight stay.<\/p>\n<p style=\"text-align: center;\"><strong>Late arrival<\/strong><br \/>\nShould you arrive after 22 clock done, we will send you a code for our night check-in via email or SMS.<\/p>\n\n<\/div>\n\n\n<\/div>\n\n<div class=\"pixcode  pixcode--grid  grid  \">\n\n<div class=\"grid__item one-whole palm-one-whole \">\n\n<p style=\"text-align: center;\"><a  class=\"pixcode  pixcode--btn  btn  btn--large\" href=\"https:\/\/www.hotel-luedenbach.de\/en\/hotel-buchen\" >Book now with us<\/a>\n\n<\/div>\n\n\n<\/div>\n\n","protected":false},"excerpt":{"rendered":"","protected":false},"author":1,"featured_media":10065,"parent":0,"menu_order":0,"comment_status":"closed","ping_status":"open","template":"","meta":{"footnotes":""},"class_list":["post-10407","page","type-page","status-publish","has-post-thumbnail","hentry"],"yoast_head":"<!-- This site is optimized with the Yoast SEO plugin v26.9 - https:\/\/yoast.com\/product\/yoast-seo-wordpress\/ -->\n<title>Hotel &#8211; Hotel Restaurant L\u00fcdenbach<\/title>\n<meta name=\"description\" content=\"Hotel im\/beim Hotel Restaurant L\u00fcdenbach in Overath bei K\u00f6ln \u2714 Das Superior (3 Sterne) Hotel und Restaurant der Familie L\u00fcdenbach liegt in Overath in direkter N\u00e4he zu K\u00f6ln mitten im Bergischen Land \u2714 Es ist bestens geeignet f\u00fcr Ausfl\u00fcge in das Bergische Land oder f\u00fcr \u00dcbernachtungen bei Messen, Tagungen und Seminaren in der Umgebung.\" \/>\n<meta name=\"robots\" content=\"index, follow, max-snippet:-1, max-image-preview:large, max-video-preview:-1\" \/>\n<meta property=\"og:locale\" content=\"en_US\" \/>\n<meta property=\"og:type\" content=\"article\" \/>\n<meta property=\"og:title\" content=\"Hotel &#8211; Hotel Restaurant L\u00fcdenbach\" \/>\n<meta property=\"og:description\" content=\"Hotel im\/beim Hotel Restaurant L\u00fcdenbach in Overath bei K\u00f6ln \u2714 Das Superior (3 Sterne) Hotel und Restaurant der Familie L\u00fcdenbach liegt in Overath in direkter N\u00e4he zu K\u00f6ln mitten im Bergischen Land \u2714 Es ist bestens geeignet f\u00fcr Ausfl\u00fcge in das Bergische Land oder f\u00fcr \u00dcbernachtungen bei Messen, Tagungen und Seminaren in der Umgebung.\" \/>\n<meta property=\"og:url\" content=\"https:\/\/www.hotel-luedenbach.de\/en\/hotel\/\" \/>\n<meta property=\"og:site_name\" content=\"Hotel Restaurant L\u00fcdenbach\" \/>\n<meta property=\"article:publisher\" content=\"https:\/\/www.facebook.com\/HotelLuedenbach\" \/>\n<meta property=\"article:modified_time\" content=\"2016-03-07T13:28:45+00:00\" \/>\n<meta property=\"og:image\" content=\"https:\/\/www.hotel-luedenbach.de\/wp-content\/uploads\/hotel-luedenbach-zimmer-6.jpg\" \/>\n\t<meta property=\"og:image:width\" content=\"1920\" \/>\n\t<meta property=\"og:image:height\" content=\"1280\" \/>\n\t<meta property=\"og:image:type\" content=\"image\/jpeg\" \/>\n<meta name=\"twitter:card\" content=\"summary_large_image\" \/>\n<meta name=\"twitter:site\" content=\"@hotelluedenbach\" \/>\n<meta name=\"twitter:label1\" content=\"Est. reading time\" \/>\n\t<meta name=\"twitter:data1\" content=\"1 minute\" \/>\n<script type=\"application\/ld+json\" class=\"yoast-schema-graph\">{\"@context\":\"https:\/\/schema.org\",\"@graph\":[{\"@type\":\"WebPage\",\"@id\":\"https:\/\/www.hotel-luedenbach.de\/en\/hotel\/\",\"url\":\"https:\/\/www.hotel-luedenbach.de\/en\/hotel\/\",\"name\":\"Hotel &#8211; Hotel Restaurant L\u00fcdenbach\",\"isPartOf\":{\"@id\":\"https:\/\/www.hotel-luedenbach.de\/#website\"},\"primaryImageOfPage\":{\"@id\":\"https:\/\/www.hotel-luedenbach.de\/en\/hotel\/#primaryimage\"},\"image\":{\"@id\":\"https:\/\/www.hotel-luedenbach.de\/en\/hotel\/#primaryimage\"},\"thumbnailUrl\":\"https:\/\/www.hotel-luedenbach.de\/wp-content\/uploads\/hotel-luedenbach-zimmer-6.jpg\",\"datePublished\":\"2014-12-23T23:35:57+00:00\",\"dateModified\":\"2016-03-07T13:28:45+00:00\",\"description\":\"Hotel im\/beim Hotel Restaurant L\u00fcdenbach in Overath bei K\u00f6ln \u2714 Das Superior (3 Sterne) Hotel und Restaurant der Familie L\u00fcdenbach liegt in Overath in direkter N\u00e4he zu K\u00f6ln mitten im Bergischen Land \u2714 Es ist bestens geeignet f\u00fcr Ausfl\u00fcge in das Bergische Land oder f\u00fcr \u00dcbernachtungen bei Messen, Tagungen und Seminaren in der Umgebung.\",\"breadcrumb\":{\"@id\":\"https:\/\/www.hotel-luedenbach.de\/en\/hotel\/#breadcrumb\"},\"inLanguage\":\"en-US\",\"potentialAction\":[{\"@type\":\"ReadAction\",\"target\":[\"https:\/\/www.hotel-luedenbach.de\/en\/hotel\/\"]}]},{\"@type\":\"ImageObject\",\"inLanguage\":\"en-US\",\"@id\":\"https:\/\/www.hotel-luedenbach.de\/en\/hotel\/#primaryimage\",\"url\":\"https:\/\/www.hotel-luedenbach.de\/wp-content\/uploads\/hotel-luedenbach-zimmer-6.jpg\",\"contentUrl\":\"https:\/\/www.hotel-luedenbach.de\/wp-content\/uploads\/hotel-luedenbach-zimmer-6.jpg\",\"width\":1920,\"height\":1280},{\"@type\":\"BreadcrumbList\",\"@id\":\"https:\/\/www.hotel-luedenbach.de\/en\/hotel\/#breadcrumb\",\"itemListElement\":[{\"@type\":\"ListItem\",\"position\":1,\"name\":\"Home\",\"item\":\"https:\/\/www.hotel-luedenbach.de\/en\/\"},{\"@type\":\"ListItem\",\"position\":2,\"name\":\"Hotel\"}]},{\"@type\":\"WebSite\",\"@id\":\"https:\/\/www.hotel-luedenbach.de\/#website\",\"url\":\"https:\/\/www.hotel-luedenbach.de\/\",\"name\":\"Hotel Restaurant L\u00fcdenbach\",\"description\":\"\",\"publisher\":{\"@id\":\"https:\/\/www.hotel-luedenbach.de\/#organization\"},\"potentialAction\":[{\"@type\":\"SearchAction\",\"target\":{\"@type\":\"EntryPoint\",\"urlTemplate\":\"https:\/\/www.hotel-luedenbach.de\/?s={search_term_string}\"},\"query-input\":{\"@type\":\"PropertyValueSpecification\",\"valueRequired\":true,\"valueName\":\"search_term_string\"}}],\"inLanguage\":\"en-US\"},{\"@type\":\"Organization\",\"@id\":\"https:\/\/www.hotel-luedenbach.de\/#organization\",\"name\":\"Hotel Restaurant L\u00fcdenbach\",\"url\":\"https:\/\/www.hotel-luedenbach.de\/\",\"logo\":{\"@type\":\"ImageObject\",\"inLanguage\":\"en-US\",\"@id\":\"https:\/\/www.hotel-luedenbach.de\/#\/schema\/logo\/image\/\",\"url\":\"https:\/\/www.hotel-luedenbach.de\/wp-content\/uploads\/cropped-luedenbach-website-icon.png\",\"contentUrl\":\"https:\/\/www.hotel-luedenbach.de\/wp-content\/uploads\/cropped-luedenbach-website-icon.png\",\"width\":512,\"height\":512,\"caption\":\"Hotel Restaurant L\u00fcdenbach\"},\"image\":{\"@id\":\"https:\/\/www.hotel-luedenbach.de\/#\/schema\/logo\/image\/\"},\"sameAs\":[\"https:\/\/www.facebook.com\/HotelLuedenbach\",\"https:\/\/x.com\/hotelluedenbach\",\"http:\/\/hotelrestaurantluedenbach\",\"https:\/\/www.youtube.com\/channel\/UCKkdSof6JazIVh3usRahNig\"]}]}<\/script>\n<!-- \/ Yoast SEO plugin. -->","yoast_head_json":{"title":"Hotel &#8211; Hotel Restaurant L\u00fcdenbach","description":"Hotel im\/beim Hotel Restaurant L\u00fcdenbach in Overath bei K\u00f6ln \u2714 Das Superior (3 Sterne) Hotel und Restaurant der Familie L\u00fcdenbach liegt in Overath in direkter N\u00e4he zu K\u00f6ln mitten im Bergischen Land \u2714 Es ist bestens geeignet f\u00fcr Ausfl\u00fcge in das Bergische Land oder f\u00fcr \u00dcbernachtungen bei Messen, Tagungen und Seminaren in der Umgebung.","robots":{"index":"index","follow":"follow","max-snippet":"max-snippet:-1","max-image-preview":"max-image-preview:large","max-video-preview":"max-video-preview:-1"},"og_locale":"en_US","og_type":"article","og_title":"Hotel &#8211; Hotel Restaurant L\u00fcdenbach","og_description":"Hotel im\/beim Hotel Restaurant L\u00fcdenbach in Overath bei K\u00f6ln \u2714 Das Superior (3 Sterne) Hotel und Restaurant der Familie L\u00fcdenbach liegt in Overath in direkter N\u00e4he zu K\u00f6ln mitten im Bergischen Land \u2714 Es ist bestens geeignet f\u00fcr Ausfl\u00fcge in das Bergische Land oder f\u00fcr \u00dcbernachtungen bei Messen, Tagungen und Seminaren in der Umgebung.","og_url":"https:\/\/www.hotel-luedenbach.de\/en\/hotel\/","og_site_name":"Hotel Restaurant L\u00fcdenbach","article_publisher":"https:\/\/www.facebook.com\/HotelLuedenbach","article_modified_time":"2016-03-07T13:28:45+00:00","og_image":[{"width":1920,"height":1280,"url":"https:\/\/www.hotel-luedenbach.de\/wp-content\/uploads\/hotel-luedenbach-zimmer-6.jpg","type":"image\/jpeg"}],"twitter_card":"summary_large_image","twitter_site":"@hotelluedenbach","twitter_misc":{"Est. reading time":"1 minute"},"schema":{"@context":"https:\/\/schema.org","@graph":[{"@type":"WebPage","@id":"https:\/\/www.hotel-luedenbach.de\/en\/hotel\/","url":"https:\/\/www.hotel-luedenbach.de\/en\/hotel\/","name":"Hotel &#8211; Hotel Restaurant L\u00fcdenbach","isPartOf":{"@id":"https:\/\/www.hotel-luedenbach.de\/#website"},"primaryImageOfPage":{"@id":"https:\/\/www.hotel-luedenbach.de\/en\/hotel\/#primaryimage"},"image":{"@id":"https:\/\/www.hotel-luedenbach.de\/en\/hotel\/#primaryimage"},"thumbnailUrl":"https:\/\/www.hotel-luedenbach.de\/wp-content\/uploads\/hotel-luedenbach-zimmer-6.jpg","datePublished":"2014-12-23T23:35:57+00:00","dateModified":"2016-03-07T13:28:45+00:00","description":"Hotel im\/beim Hotel Restaurant L\u00fcdenbach in Overath bei K\u00f6ln \u2714 Das Superior (3 Sterne) Hotel und Restaurant der Familie L\u00fcdenbach liegt in Overath in direkter N\u00e4he zu K\u00f6ln mitten im Bergischen Land \u2714 Es ist bestens geeignet f\u00fcr Ausfl\u00fcge in das Bergische Land oder f\u00fcr \u00dcbernachtungen bei Messen, Tagungen und Seminaren in der Umgebung.","breadcrumb":{"@id":"https:\/\/www.hotel-luedenbach.de\/en\/hotel\/#breadcrumb"},"inLanguage":"en-US","potentialAction":[{"@type":"ReadAction","target":["https:\/\/www.hotel-luedenbach.de\/en\/hotel\/"]}]},{"@type":"ImageObject","inLanguage":"en-US","@id":"https:\/\/www.hotel-luedenbach.de\/en\/hotel\/#primaryimage","url":"https:\/\/www.hotel-luedenbach.de\/wp-content\/uploads\/hotel-luedenbach-zimmer-6.jpg","contentUrl":"https:\/\/www.hotel-luedenbach.de\/wp-content\/uploads\/hotel-luedenbach-zimmer-6.jpg","width":1920,"height":1280},{"@type":"BreadcrumbList","@id":"https:\/\/www.hotel-luedenbach.de\/en\/hotel\/#breadcrumb","itemListElement":[{"@type":"ListItem","position":1,"name":"Home","item":"https:\/\/www.hotel-luedenbach.de\/en\/"},{"@type":"ListItem","position":2,"name":"Hotel"}]},{"@type":"WebSite","@id":"https:\/\/www.hotel-luedenbach.de\/#website","url":"https:\/\/www.hotel-luedenbach.de\/","name":"Hotel Restaurant L\u00fcdenbach","description":"","publisher":{"@id":"https:\/\/www.hotel-luedenbach.de\/#organization"},"potentialAction":[{"@type":"SearchAction","target":{"@type":"EntryPoint","urlTemplate":"https:\/\/www.hotel-luedenbach.de\/?s={search_term_string}"},"query-input":{"@type":"PropertyValueSpecification","valueRequired":true,"valueName":"search_term_string"}}],"inLanguage":"en-US"},{"@type":"Organization","@id":"https:\/\/www.hotel-luedenbach.de\/#organization","name":"Hotel Restaurant L\u00fcdenbach","url":"https:\/\/www.hotel-luedenbach.de\/","logo":{"@type":"ImageObject","inLanguage":"en-US","@id":"https:\/\/www.hotel-luedenbach.de\/#\/schema\/logo\/image\/","url":"https:\/\/www.hotel-luedenbach.de\/wp-content\/uploads\/cropped-luedenbach-website-icon.png","contentUrl":"https:\/\/www.hotel-luedenbach.de\/wp-content\/uploads\/cropped-luedenbach-website-icon.png","width":512,"height":512,"caption":"Hotel Restaurant L\u00fcdenbach"},"image":{"@id":"https:\/\/www.hotel-luedenbach.de\/#\/schema\/logo\/image\/"},"sameAs":["https:\/\/www.facebook.com\/HotelLuedenbach","https:\/\/x.com\/hotelluedenbach","http:\/\/hotelrestaurantluedenbach","https:\/\/www.youtube.com\/channel\/UCKkdSof6JazIVh3usRahNig"]}]}},"_links":{"self":[{"href":"https:\/\/www.hotel-luedenbach.de\/en\/wp-json\/wp\/v2\/pages\/10407","targetHints":{"allow":["GET"]}}],"collection":[{"href":"https:\/\/www.hotel-luedenbach.de\/en\/wp-json\/wp\/v2\/pages"}],"about":[{"href":"https:\/\/www.hotel-luedenbach.de\/en\/wp-json\/wp\/v2\/types\/page"}],"author":[{"embeddable":true,"href":"https:\/\/www.hotel-luedenbach.de\/en\/wp-json\/wp\/v2\/users\/1"}],"replies":[{"embeddable":true,"href":"https:\/\/www.hotel-luedenbach.de\/en\/wp-json\/wp\/v2\/comments?post=10407"}],"version-history":[{"count":5,"href":"https:\/\/www.hotel-luedenbach.de\/en\/wp-json\/wp\/v2\/pages\/10407\/revisions"}],"predecessor-version":[{"id":11330,"href":"https:\/\/www.hotel-luedenbach.de\/en\/wp-json\/wp\/v2\/pages\/10407\/revisions\/11330"}],"wp:featuredmedia":[{"embeddable":true,"href":"https:\/\/www.hotel-luedenbach.de\/en\/wp-json\/wp\/v2\/media\/10065"}],"wp:attachment":[{"href":"https:\/\/www.hotel-luedenbach.de\/en\/wp-json\/wp\/v2\/media?parent=10407"}],"curies":[{"name":"wp","href":"https:\/\/api.w.org\/{rel}","templated":true}]}}