{"id":10394,"date":"2014-05-30T14:17:08","date_gmt":"2014-05-30T12:17:08","guid":{"rendered":"https:\/\/www.hotel-luedenbach.de\/contact\/"},"modified":"2014-12-24T11:58:25","modified_gmt":"2014-12-24T09:58:25","slug":"contact","status":"publish","type":"page","link":"https:\/\/www.hotel-luedenbach.de\/en\/contact\/","title":{"rendered":"Contact"},"content":{"rendered":"<div class=\"pixcode  pixcode--grid  grid  thick-gutter  \">\n\n<div class=\"grid__item six-twelfths palm-one-whole \">\n\n<h2 class=\"flush--top\">Contact<\/h2>\n<p>Do you have questions or want more information?<br \/>\nGive us a call or write an email, we&#8217;re here to help!<\/p>\n<p>Hotel L\u00fcdenbach<br \/>\nKlef 99, 51491 Overath<\/p>\n<p>Tel. +49 (0) 2206 95380<br \/>\nFax +49 (0) 2206 81602<\/p>\n<p><a href=\"mailto:info@hotel-luedenbach.de\">info@hotel-luedenbach.de<\/a><\/p>\n<h3>Follow on facebook\u00a0 <a class=\"pixcode-icon-link\"  href=\"https:\/\/www.facebook.com\/HotelLuedenbach\"  target=\"_blank\" \"><i class=\"pixcode  pixcode--icon  icon-e-facebook  circle  medium  \"><\/i><\/a><\/h3>\n\n<\/div>\n\n<div class=\"grid__item six-twelfths palm-one-whole \">\n\n\n<div class=\"wpcf7 no-js\" id=\"wpcf7-f4-o1\" lang=\"en-US\" dir=\"ltr\" data-wpcf7-id=\"4\">\n<div class=\"screen-reader-response\"><p role=\"status\" aria-live=\"polite\" aria-atomic=\"true\"><\/p> <ul><\/ul><\/div>\n<form action=\"\/en\/wp-json\/wp\/v2\/pages\/10394#wpcf7-f4-o1\" method=\"post\" class=\"wpcf7-form init\" aria-label=\"Contact form\" novalidate=\"novalidate\" data-status=\"init\">\n<fieldset class=\"hidden-fields-container\"><input type=\"hidden\" name=\"_wpcf7\" value=\"4\" \/><input type=\"hidden\" name=\"_wpcf7_version\" value=\"6.1.4\" \/><input type=\"hidden\" name=\"_wpcf7_locale\" value=\"en_US\" \/><input type=\"hidden\" name=\"_wpcf7_unit_tag\" value=\"wpcf7-f4-o1\" \/><input type=\"hidden\" name=\"_wpcf7_container_post\" value=\"0\" \/><input type=\"hidden\" name=\"_wpcf7_posted_data_hash\" value=\"\" \/>\n<\/fieldset>\n<div class=\"grid pixcode--grid\">\n\t<div class=\"grid__item  six-twelfths palm-one-whole\">\n\t\t<p><span id=\"wpcf7-69f42bd251d1b-wrapper\" class=\"wpcf7-form-control-wrap vorname-wrap\" style=\"display:none !important; visibility:hidden !important;\"><label for=\"wpcf7-69f42bd251d1b-field\" class=\"hp-message\">Please leave this field empty.<\/label><input id=\"wpcf7-69f42bd251d1b-field\"  class=\"wpcf7-form-control wpcf7-text\" type=\"text\" name=\"vorname\" value=\"\" size=\"40\" tabindex=\"-1\" autocomplete=\"new-password\" \/><\/span><span class=\"wpcf7-form-control-wrap\" data-name=\"your-name\"><input size=\"40\" maxlength=\"400\" class=\"wpcf7-form-control wpcf7-text wpcf7-validates-as-required\" aria-required=\"true\" aria-invalid=\"false\" placeholder=\"Name\" value=\"\" type=\"text\" name=\"your-name\" \/><\/span>\n\t\t<\/p>\n\t<\/div>\n\t<div class=\"grid__item  six-twelfths palm-one-whole\">\n\t\t<p><span class=\"wpcf7-form-control-wrap\" data-name=\"telefon\"><input size=\"40\" maxlength=\"400\" class=\"wpcf7-form-control wpcf7-tel wpcf7-text wpcf7-validates-as-tel\" aria-invalid=\"false\" placeholder=\"Telephone\" value=\"\" type=\"tel\" name=\"telefon\" \/><\/span>\n\t\t<\/p>\n\t<\/div>\n<\/div>\n<p><span class=\"wpcf7-form-control-wrap\" data-name=\"your-email\"><input size=\"40\" maxlength=\"400\" class=\"wpcf7-form-control wpcf7-email wpcf7-validates-as-required wpcf7-text wpcf7-validates-as-email\" aria-required=\"true\" aria-invalid=\"false\" placeholder=\"Email\" value=\"\" type=\"email\" name=\"your-email\" \/><\/span><span class=\"wpcf7-form-control-wrap\" data-name=\"your-message\"><textarea cols=\"40\" rows=\"10\" maxlength=\"2000\" class=\"wpcf7-form-control wpcf7-textarea\" aria-invalid=\"false\" placeholder=\"Message\" name=\"your-message\"><\/textarea><\/span><input class=\"wpcf7-form-control wpcf7-submit has-spinner\" type=\"submit\" value=\"Absenden\" \/>\n<\/p><div class=\"wpcf7-response-output\" aria-hidden=\"true\"><\/div>\n<\/form>\n<\/div>\n\n\n<\/div>\n\n\n<\/div>\n\n","protected":false},"excerpt":{"rendered":"","protected":false},"author":1,"featured_media":0,"parent":0,"menu_order":0,"comment_status":"closed","ping_status":"closed","template":"page-templates\/contact.php","meta":{"footnotes":""},"class_list":["post-10394","page","type-page","status-publish","hentry"],"yoast_head":"<!-- This site is optimized with the Yoast SEO plugin v26.9 - https:\/\/yoast.com\/product\/yoast-seo-wordpress\/ -->\n<title>Contact &#8211; Hotel Restaurant L\u00fcdenbach<\/title>\n<meta name=\"description\" content=\"Contact im\/beim Hotel Restaurant L\u00fcdenbach in Overath bei K\u00f6ln \u2714 Das Superior (3 Sterne) Hotel und Restaurant der Familie L\u00fcdenbach liegt in Overath in direkter N\u00e4he zu K\u00f6ln mitten im Bergischen Land \u2714 Es ist bestens geeignet f\u00fcr Ausfl\u00fcge in das Bergische Land oder f\u00fcr \u00dcbernachtungen bei Messen, Tagungen und Seminaren in der Umgebung.\" \/>\n<meta name=\"robots\" content=\"index, follow, max-snippet:-1, max-image-preview:large, max-video-preview:-1\" \/>\n<meta property=\"og:locale\" content=\"en_US\" \/>\n<meta property=\"og:type\" content=\"article\" \/>\n<meta property=\"og:title\" content=\"Contact &#8211; Hotel Restaurant L\u00fcdenbach\" \/>\n<meta property=\"og:description\" content=\"Contact im\/beim Hotel Restaurant L\u00fcdenbach in Overath bei K\u00f6ln \u2714 Das Superior (3 Sterne) Hotel und Restaurant der Familie L\u00fcdenbach liegt in Overath in direkter N\u00e4he zu K\u00f6ln mitten im Bergischen Land \u2714 Es ist bestens geeignet f\u00fcr Ausfl\u00fcge in das Bergische Land oder f\u00fcr \u00dcbernachtungen bei Messen, Tagungen und Seminaren in der Umgebung.\" \/>\n<meta property=\"og:url\" content=\"https:\/\/www.hotel-luedenbach.de\/en\/contact\/\" \/>\n<meta property=\"og:site_name\" content=\"Hotel Restaurant L\u00fcdenbach\" \/>\n<meta property=\"article:publisher\" content=\"https:\/\/www.facebook.com\/HotelLuedenbach\" \/>\n<meta property=\"article:modified_time\" content=\"2014-12-24T09:58:25+00:00\" \/>\n<meta name=\"twitter:card\" content=\"summary_large_image\" \/>\n<meta name=\"twitter:site\" content=\"@hotelluedenbach\" \/>\n<script type=\"application\/ld+json\" class=\"yoast-schema-graph\">{\"@context\":\"https:\/\/schema.org\",\"@graph\":[{\"@type\":\"WebPage\",\"@id\":\"https:\/\/www.hotel-luedenbach.de\/en\/contact\/\",\"url\":\"https:\/\/www.hotel-luedenbach.de\/en\/contact\/\",\"name\":\"Contact &#8211; Hotel Restaurant L\u00fcdenbach\",\"isPartOf\":{\"@id\":\"https:\/\/www.hotel-luedenbach.de\/#website\"},\"datePublished\":\"2014-05-30T12:17:08+00:00\",\"dateModified\":\"2014-12-24T09:58:25+00:00\",\"description\":\"Contact im\/beim Hotel Restaurant L\u00fcdenbach in Overath bei K\u00f6ln \u2714 Das Superior (3 Sterne) Hotel und Restaurant der Familie L\u00fcdenbach liegt in Overath in direkter N\u00e4he zu K\u00f6ln mitten im Bergischen Land \u2714 Es ist bestens geeignet f\u00fcr Ausfl\u00fcge in das Bergische Land oder f\u00fcr \u00dcbernachtungen bei Messen, Tagungen und Seminaren in der Umgebung.\",\"breadcrumb\":{\"@id\":\"https:\/\/www.hotel-luedenbach.de\/en\/contact\/#breadcrumb\"},\"inLanguage\":\"en-US\",\"potentialAction\":[{\"@type\":\"ReadAction\",\"target\":[\"https:\/\/www.hotel-luedenbach.de\/en\/contact\/\"]}]},{\"@type\":\"BreadcrumbList\",\"@id\":\"https:\/\/www.hotel-luedenbach.de\/en\/contact\/#breadcrumb\",\"itemListElement\":[{\"@type\":\"ListItem\",\"position\":1,\"name\":\"Home\",\"item\":\"https:\/\/www.hotel-luedenbach.de\/en\/\"},{\"@type\":\"ListItem\",\"position\":2,\"name\":\"Contact\"}]},{\"@type\":\"WebSite\",\"@id\":\"https:\/\/www.hotel-luedenbach.de\/#website\",\"url\":\"https:\/\/www.hotel-luedenbach.de\/\",\"name\":\"Hotel Restaurant L\u00fcdenbach\",\"description\":\"\",\"publisher\":{\"@id\":\"https:\/\/www.hotel-luedenbach.de\/#organization\"},\"potentialAction\":[{\"@type\":\"SearchAction\",\"target\":{\"@type\":\"EntryPoint\",\"urlTemplate\":\"https:\/\/www.hotel-luedenbach.de\/?s={search_term_string}\"},\"query-input\":{\"@type\":\"PropertyValueSpecification\",\"valueRequired\":true,\"valueName\":\"search_term_string\"}}],\"inLanguage\":\"en-US\"},{\"@type\":\"Organization\",\"@id\":\"https:\/\/www.hotel-luedenbach.de\/#organization\",\"name\":\"Hotel Restaurant L\u00fcdenbach\",\"url\":\"https:\/\/www.hotel-luedenbach.de\/\",\"logo\":{\"@type\":\"ImageObject\",\"inLanguage\":\"en-US\",\"@id\":\"https:\/\/www.hotel-luedenbach.de\/#\/schema\/logo\/image\/\",\"url\":\"https:\/\/www.hotel-luedenbach.de\/wp-content\/uploads\/cropped-luedenbach-website-icon.png\",\"contentUrl\":\"https:\/\/www.hotel-luedenbach.de\/wp-content\/uploads\/cropped-luedenbach-website-icon.png\",\"width\":512,\"height\":512,\"caption\":\"Hotel Restaurant L\u00fcdenbach\"},\"image\":{\"@id\":\"https:\/\/www.hotel-luedenbach.de\/#\/schema\/logo\/image\/\"},\"sameAs\":[\"https:\/\/www.facebook.com\/HotelLuedenbach\",\"https:\/\/x.com\/hotelluedenbach\",\"http:\/\/hotelrestaurantluedenbach\",\"https:\/\/www.youtube.com\/channel\/UCKkdSof6JazIVh3usRahNig\"]}]}<\/script>\n<!-- \/ Yoast SEO plugin. -->","yoast_head_json":{"title":"Contact &#8211; Hotel Restaurant L\u00fcdenbach","description":"Contact im\/beim Hotel Restaurant L\u00fcdenbach in Overath bei K\u00f6ln \u2714 Das Superior (3 Sterne) Hotel und Restaurant der Familie L\u00fcdenbach liegt in Overath in direkter N\u00e4he zu K\u00f6ln mitten im Bergischen Land \u2714 Es ist bestens geeignet f\u00fcr Ausfl\u00fcge in das Bergische Land oder f\u00fcr \u00dcbernachtungen bei Messen, Tagungen und Seminaren in der Umgebung.","robots":{"index":"index","follow":"follow","max-snippet":"max-snippet:-1","max-image-preview":"max-image-preview:large","max-video-preview":"max-video-preview:-1"},"og_locale":"en_US","og_type":"article","og_title":"Contact &#8211; Hotel Restaurant L\u00fcdenbach","og_description":"Contact im\/beim Hotel Restaurant L\u00fcdenbach in Overath bei K\u00f6ln \u2714 Das Superior (3 Sterne) Hotel und Restaurant der Familie L\u00fcdenbach liegt in Overath in direkter N\u00e4he zu K\u00f6ln mitten im Bergischen Land \u2714 Es ist bestens geeignet f\u00fcr Ausfl\u00fcge in das Bergische Land oder f\u00fcr \u00dcbernachtungen bei Messen, Tagungen und Seminaren in der Umgebung.","og_url":"https:\/\/www.hotel-luedenbach.de\/en\/contact\/","og_site_name":"Hotel Restaurant L\u00fcdenbach","article_publisher":"https:\/\/www.facebook.com\/HotelLuedenbach","article_modified_time":"2014-12-24T09:58:25+00:00","twitter_card":"summary_large_image","twitter_site":"@hotelluedenbach","schema":{"@context":"https:\/\/schema.org","@graph":[{"@type":"WebPage","@id":"https:\/\/www.hotel-luedenbach.de\/en\/contact\/","url":"https:\/\/www.hotel-luedenbach.de\/en\/contact\/","name":"Contact &#8211; Hotel Restaurant L\u00fcdenbach","isPartOf":{"@id":"https:\/\/www.hotel-luedenbach.de\/#website"},"datePublished":"2014-05-30T12:17:08+00:00","dateModified":"2014-12-24T09:58:25+00:00","description":"Contact im\/beim Hotel Restaurant L\u00fcdenbach in Overath bei K\u00f6ln \u2714 Das Superior (3 Sterne) Hotel und Restaurant der Familie L\u00fcdenbach liegt in Overath in direkter N\u00e4he zu K\u00f6ln mitten im Bergischen Land \u2714 Es ist bestens geeignet f\u00fcr Ausfl\u00fcge in das Bergische Land oder f\u00fcr \u00dcbernachtungen bei Messen, Tagungen und Seminaren in der Umgebung.","breadcrumb":{"@id":"https:\/\/www.hotel-luedenbach.de\/en\/contact\/#breadcrumb"},"inLanguage":"en-US","potentialAction":[{"@type":"ReadAction","target":["https:\/\/www.hotel-luedenbach.de\/en\/contact\/"]}]},{"@type":"BreadcrumbList","@id":"https:\/\/www.hotel-luedenbach.de\/en\/contact\/#breadcrumb","itemListElement":[{"@type":"ListItem","position":1,"name":"Home","item":"https:\/\/www.hotel-luedenbach.de\/en\/"},{"@type":"ListItem","position":2,"name":"Contact"}]},{"@type":"WebSite","@id":"https:\/\/www.hotel-luedenbach.de\/#website","url":"https:\/\/www.hotel-luedenbach.de\/","name":"Hotel Restaurant L\u00fcdenbach","description":"","publisher":{"@id":"https:\/\/www.hotel-luedenbach.de\/#organization"},"potentialAction":[{"@type":"SearchAction","target":{"@type":"EntryPoint","urlTemplate":"https:\/\/www.hotel-luedenbach.de\/?s={search_term_string}"},"query-input":{"@type":"PropertyValueSpecification","valueRequired":true,"valueName":"search_term_string"}}],"inLanguage":"en-US"},{"@type":"Organization","@id":"https:\/\/www.hotel-luedenbach.de\/#organization","name":"Hotel Restaurant L\u00fcdenbach","url":"https:\/\/www.hotel-luedenbach.de\/","logo":{"@type":"ImageObject","inLanguage":"en-US","@id":"https:\/\/www.hotel-luedenbach.de\/#\/schema\/logo\/image\/","url":"https:\/\/www.hotel-luedenbach.de\/wp-content\/uploads\/cropped-luedenbach-website-icon.png","contentUrl":"https:\/\/www.hotel-luedenbach.de\/wp-content\/uploads\/cropped-luedenbach-website-icon.png","width":512,"height":512,"caption":"Hotel Restaurant L\u00fcdenbach"},"image":{"@id":"https:\/\/www.hotel-luedenbach.de\/#\/schema\/logo\/image\/"},"sameAs":["https:\/\/www.facebook.com\/HotelLuedenbach","https:\/\/x.com\/hotelluedenbach","http:\/\/hotelrestaurantluedenbach","https:\/\/www.youtube.com\/channel\/UCKkdSof6JazIVh3usRahNig"]}]}},"_links":{"self":[{"href":"https:\/\/www.hotel-luedenbach.de\/en\/wp-json\/wp\/v2\/pages\/10394","targetHints":{"allow":["GET"]}}],"collection":[{"href":"https:\/\/www.hotel-luedenbach.de\/en\/wp-json\/wp\/v2\/pages"}],"about":[{"href":"https:\/\/www.hotel-luedenbach.de\/en\/wp-json\/wp\/v2\/types\/page"}],"author":[{"embeddable":true,"href":"https:\/\/www.hotel-luedenbach.de\/en\/wp-json\/wp\/v2\/users\/1"}],"replies":[{"embeddable":true,"href":"https:\/\/www.hotel-luedenbach.de\/en\/wp-json\/wp\/v2\/comments?post=10394"}],"version-history":[{"count":1,"href":"https:\/\/www.hotel-luedenbach.de\/en\/wp-json\/wp\/v2\/pages\/10394\/revisions"}],"predecessor-version":[{"id":10426,"href":"https:\/\/www.hotel-luedenbach.de\/en\/wp-json\/wp\/v2\/pages\/10394\/revisions\/10426"}],"wp:attachment":[{"href":"https:\/\/www.hotel-luedenbach.de\/en\/wp-json\/wp\/v2\/media?parent=10394"}],"curies":[{"name":"wp","href":"https:\/\/api.w.org\/{rel}","templated":true}]}}