{"id":10392,"date":"2014-05-30T08:42:12","date_gmt":"2014-05-30T08:42:12","guid":{"rendered":"https:\/\/www.hotel-luedenbach.de\/home\/"},"modified":"2025-04-22T11:00:21","modified_gmt":"2025-04-22T09:00:21","slug":"home","status":"publish","type":"page","link":"https:\/\/www.hotel-luedenbach.de\/en\/","title":{"rendered":"Home"},"content":{"rendered":"<div class=\"pixcode  pixcode--grid  grid  \">\n\n<div class=\"grid__item six-twelfths palm-one-whole island\">\n\n<hgroup class=\"pixcode  pixcode--heading article__headline\">\n\t<h2 class=\"headline__secondary\"><span class=\"first-letter\">D<\/span>ie L\u00fcdi&#039;s<\/h2>\n\t<h1 class=\"headline__primary\">Family<\/h1>\n<\/hgroup>\n<p style=\"text-align: center;\">Not far away from the Rhine cities Cologne, Bonn and Dusseldorf you will find Hotel L\u00fcdenbach, now run by the family in its third generation, surrounded by the picturesque landscape of the Bergische Land. Enjoy our restaurant next to our regional dishes fresh air with a beer or a glass of wine in good company.<\/p>\n<p style=\"text-align: center;\"><a  class=\"pixcode  pixcode--btn  btn\" href=\"https:\/\/www.hotel-luedenbach.de\/hotel\/\" >Hotel L\u00fcdenbach<\/a>\u00a0 <a  class=\"pixcode  pixcode--btn  btn\" href=\"https:\/\/www.hotel-luedenbach.de\/restaurant\/\" >Restaurant L\u00fcdenbach<\/a>\n\n<\/div>\n\n<div class=\"grid__item six-twelfths palm-one-whole \">\n\n\t\t<div style=\"clear:both\"><\/div>\n\t\t<div class=\"psgal_wrap\">\n\t\t\t<div id=\"psgal_10392_1\" data-psgal_id=\"10392_1\" data-psgal_container_id=\"container_10392_1\" data-psgal_thumbnail_width=\"170\" data-psgal_use_masonary=\"0\" class=\"psgal-inline psgal gallery-columns-1 gallery-size-thumbnail use_masonry_ show_captions_\" itemscope itemtype=\"http:\/\/schema.org\/ImageGallery\">\n\t\t\t\t\t\t\t\t\t\t<figure class=\"msnry_items\" itemscope itemtype=\"http:\/\/schema.org\/ImageObject\" style=\"width:170px;\">\n\t\t\t\t\t\t\t<a href=\"https:\/\/www.hotel-luedenbach.de\/wp-content\/uploads\/luedenbach-familie-845x800.jpg\" itemprop=\"contentUrl\" data-size=\"845x800\" data-caption=\"\" style=\"height:151.529411765px;\">\n\t\t\t\t\t\t\t\t<img decoding=\"async\" class=\"msnry_thumb\" src=\"https:\/\/www.hotel-luedenbach.de\/wp-content\/uploads\/luedenbach-familie-340x322.jpg\" itemprop=\"thumbnail\" alt=\"\" \/>\n\t\t\t\t\t\t\t<\/a>\n\t\t\t\t\t\t\t\t\t\t\t\t\t\t<figcaption class=\"photoswipe-gallery-caption\" style=\"display:none;\"><\/figcaption>\n\n\t\t\t\t\t\t<\/figure>\n\t\t\t\t\t\t\t\t\t\t<figure class=\"msnry_items\" itemscope itemtype=\"http:\/\/schema.org\/ImageObject\" style=\"width:170px;\">\n\t\t\t\t\t\t\t<a href=\"https:\/\/www.hotel-luedenbach.de\/wp-content\/uploads\/restaurant-luedenbach-biergarten-4-1000x720.jpg\" itemprop=\"contentUrl\" data-size=\"1000x720\" data-caption=\"\" style=\"height:115.294117647px;\">\n\t\t\t\t\t\t\t\t<img decoding=\"async\" class=\"msnry_thumb\" src=\"https:\/\/www.hotel-luedenbach.de\/wp-content\/uploads\/restaurant-luedenbach-biergarten-4-340x245.jpg\" itemprop=\"thumbnail\" alt=\"\" \/>\n\t\t\t\t\t\t\t<\/a>\n\t\t\t\t\t\t\t\t\t\t\t\t\t\t<figcaption class=\"photoswipe-gallery-caption\" style=\"display:none;\"><\/figcaption>\n\n\t\t\t\t\t\t<\/figure>\n\t\t\t\t\t\t\t\t\t\t<figure class=\"msnry_items\" itemscope itemtype=\"http:\/\/schema.org\/ImageObject\" style=\"width:170px;\">\n\t\t\t\t\t\t\t<a href=\"https:\/\/www.hotel-luedenbach.de\/wp-content\/uploads\/restaurant-luedenbach-koch-andreas-2.jpg\" itemprop=\"contentUrl\" data-size=\"620x451\" data-caption=\"\" style=\"height:116.235294118px;\">\n\t\t\t\t\t\t\t\t<img decoding=\"async\" class=\"msnry_thumb\" src=\"https:\/\/www.hotel-luedenbach.de\/wp-content\/uploads\/restaurant-luedenbach-koch-andreas-2-340x247.jpg\" itemprop=\"thumbnail\" alt=\"\" \/>\n\t\t\t\t\t\t\t<\/a>\n\t\t\t\t\t\t\t\t\t\t\t\t\t\t<figcaption class=\"photoswipe-gallery-caption\" style=\"display:none;\"><\/figcaption>\n\n\t\t\t\t\t\t<\/figure>\n\t\t\t\t\t\t\t\t\t\t<figure class=\"msnry_items\" itemscope itemtype=\"http:\/\/schema.org\/ImageObject\" style=\"width:170px;\">\n\t\t\t\t\t\t\t<a href=\"https:\/\/www.hotel-luedenbach.de\/wp-content\/uploads\/restaurant-luedenbach-gastraum-essen-1000x629.jpg\" itemprop=\"contentUrl\" data-size=\"1000x629\" data-caption=\"\" style=\"height:100.705882353px;\">\n\t\t\t\t\t\t\t\t<img decoding=\"async\" class=\"msnry_thumb\" src=\"https:\/\/www.hotel-luedenbach.de\/wp-content\/uploads\/restaurant-luedenbach-gastraum-essen-340x214.jpg\" itemprop=\"thumbnail\" alt=\"\" \/>\n\t\t\t\t\t\t\t<\/a>\n\t\t\t\t\t\t\t\t\t\t\t\t\t\t<figcaption class=\"photoswipe-gallery-caption\" style=\"display:none;\"><\/figcaption>\n\n\t\t\t\t\t\t<\/figure>\n\t\t\t\t\t\t\t\t\t\t<figure class=\"msnry_items\" itemscope itemtype=\"http:\/\/schema.org\/ImageObject\" style=\"width:170px;\">\n\t\t\t\t\t\t\t<a href=\"https:\/\/www.hotel-luedenbach.de\/wp-content\/uploads\/restaurant-luedenbach-messen-seminare-tagen-1000x750.jpg\" itemprop=\"contentUrl\" data-size=\"1000x750\" data-caption=\"\" style=\"height:120px;\">\n\t\t\t\t\t\t\t\t<img decoding=\"async\" class=\"msnry_thumb\" src=\"https:\/\/www.hotel-luedenbach.de\/wp-content\/uploads\/restaurant-luedenbach-messen-seminare-tagen-340x255.jpg\" itemprop=\"thumbnail\" alt=\"\" \/>\n\t\t\t\t\t\t\t<\/a>\n\t\t\t\t\t\t\t\t\t\t\t\t\t\t<figcaption class=\"photoswipe-gallery-caption\" style=\"display:none;\"><\/figcaption>\n\n\t\t\t\t\t\t<\/figure>\n\t\t\t\t\t\t\t\t\t\t<figure class=\"msnry_items\" itemscope itemtype=\"http:\/\/schema.org\/ImageObject\" style=\"width:170px;\">\n\t\t\t\t\t\t\t<a href=\"https:\/\/www.hotel-luedenbach.de\/wp-content\/uploads\/restaurant-luedenbach-events.jpg\" itemprop=\"contentUrl\" data-size=\"620x451\" data-caption=\"\" style=\"height:116.235294118px;\">\n\t\t\t\t\t\t\t\t<img decoding=\"async\" class=\"msnry_thumb\" src=\"https:\/\/www.hotel-luedenbach.de\/wp-content\/uploads\/restaurant-luedenbach-events-340x247.jpg\" itemprop=\"thumbnail\" alt=\"\" \/>\n\t\t\t\t\t\t\t<\/a>\n\t\t\t\t\t\t\t\t\t\t\t\t\t\t<figcaption class=\"photoswipe-gallery-caption\" style=\"display:none;\"><\/figcaption>\n\n\t\t\t\t\t\t<\/figure>\n\t\t\t\t\t\t\t\t\t\t<figure class=\"msnry_items\" itemscope itemtype=\"http:\/\/schema.org\/ImageObject\" style=\"width:170px;\">\n\t\t\t\t\t\t\t<a href=\"https:\/\/www.hotel-luedenbach.de\/wp-content\/uploads\/restaurant-luedenbach-messen-seminare-tagen-feiern-2.jpg\" itemprop=\"contentUrl\" data-size=\"620x451\" data-caption=\"\" style=\"height:116.235294118px;\">\n\t\t\t\t\t\t\t\t<img decoding=\"async\" class=\"msnry_thumb\" src=\"https:\/\/www.hotel-luedenbach.de\/wp-content\/uploads\/restaurant-luedenbach-messen-seminare-tagen-feiern-2-340x247.jpg\" itemprop=\"thumbnail\" alt=\"\" \/>\n\t\t\t\t\t\t\t<\/a>\n\t\t\t\t\t\t\t\t\t\t\t\t\t\t<figcaption class=\"photoswipe-gallery-caption\" style=\"display:none;\"><\/figcaption>\n\n\t\t\t\t\t\t<\/figure>\n\t\t\t\t\t\t\t\t\t\t<figure class=\"msnry_items\" itemscope itemtype=\"http:\/\/schema.org\/ImageObject\" style=\"width:170px;\">\n\t\t\t\t\t\t\t<a href=\"https:\/\/www.hotel-luedenbach.de\/wp-content\/uploads\/hotel-luedenbach-zimmer-1000x743.jpg\" itemprop=\"contentUrl\" data-size=\"1000x743\" data-caption=\"\" style=\"height:119.058823529px;\">\n\t\t\t\t\t\t\t\t<img decoding=\"async\" class=\"msnry_thumb\" src=\"https:\/\/www.hotel-luedenbach.de\/wp-content\/uploads\/hotel-luedenbach-zimmer-340x253.jpg\" itemprop=\"thumbnail\" alt=\"\" \/>\n\t\t\t\t\t\t\t<\/a>\n\t\t\t\t\t\t\t\t\t\t\t\t\t\t<figcaption class=\"photoswipe-gallery-caption\" style=\"display:none;\"><\/figcaption>\n\n\t\t\t\t\t\t<\/figure>\n\t\t\t\t\t\t\t<\/div>\n\t\t<\/div>\n\t\t<div style='clear:both'><\/div>\n\n\n<\/div>\n\n\n<\/div>\n\n<div class=\"pixcode  pixcode--separator  separator separator--line-flower\">\n<div class=\"line  line--left\"><\/div>\n<div class=\"line  line--right\"><\/div>\n<div class=\"star\">&#10043;<\/div>\n<div class=\"arrows\">\n<div class=\"arrow arrow--left\"><\/div>\n<div class=\"arrow arrow--right\"><\/div>\n<\/div>\n<\/div>\n\n<div class=\"pixcode  pixcode--grid  grid  \">\n\n<div class=\"grid__item five-twelfths palm-one-whole \">\n\n<blockquote><p>Nice hotel, friendly staff &#8211; they made us feel at ease.<\/p><\/blockquote>\n\n<\/div>\n\n<div class=\"grid__item two-twelfths palm-one-whole \">\n\n<p style=\"text-align: center;\"><a href=\"https:\/\/reviews.customer-alliance.com\/hotel\/hotel-luedenbach-overath-z93d21774cvZ.html?_locale=de\" target=\"_blank\" rel=\"noopener noreferrer\"><img loading=\"lazy\" decoding=\"async\" class=\"aligncenter size-full wp-image-10048\" src=\"https:\/\/www.hotel-luedenbach.de\/wp-content\/uploads\/hotel-restaurant-zufriedenheit-bewertung.png\" alt=\"hotel-restaurant-zufriedenheit-bewertung\" width=\"150\" height=\"178\" \/><\/a><\/p>\n\n<\/div>\n\n<div class=\"grid__item five-twelfths palm-one-whole \">\n\n<blockquote><p>Clean, comfortable and very kind people. You&#8217;ll feel home.<\/p><\/blockquote>\n\n<\/div>\n\n\n<\/div>\n\n<div class=\"pixcode  pixcode--separator  separator separator--line-flower\">\n<div class=\"line  line--left\"><\/div>\n<div class=\"line  line--right\"><\/div>\n<div class=\"star\">&#10043;<\/div>\n<div class=\"arrows\">\n<div class=\"arrow arrow--left\"><\/div>\n<div class=\"arrow arrow--right\"><\/div>\n<\/div>\n<\/div>\n\n<div class=\"pixcode  pixcode--grid  grid  \">\n\n<div class=\"grid__item three-twelfths palm-one-whole \">\n\n<p><a class=\"single_photoswipe\" href=\"https:\/\/www.hotel-luedenbach.de\/wp-content\/uploads\/luedenbach-biergarten-overath-bergisch-land-bergisch-e-bike-tankstelle-restaurant-klef.jpg\" data-size=\"620x451\"><img loading=\"lazy\" decoding=\"async\" class=\"wp-image-14357 aligncenter\" src=\"https:\/\/www.hotel-luedenbach.de\/wp-content\/uploads\/luedenbach-biergarten-overath-bergisch-land-bergisch-e-bike-tankstelle-restaurant-klef-800x533.jpg\" alt=\"Luedenbach Biergarten Overath Bergisch Land Bergisch E Bike Tankstelle Restaurant Klef\" width=\"304\" height=\"202\" srcset=\"https:\/\/www.hotel-luedenbach.de\/wp-content\/uploads\/luedenbach-biergarten-overath-bergisch-land-bergisch-e-bike-tankstelle-restaurant-klef-800x533.jpg 800w, https:\/\/www.hotel-luedenbach.de\/wp-content\/uploads\/luedenbach-biergarten-overath-bergisch-land-bergisch-e-bike-tankstelle-restaurant-klef-768x512.jpg 768w, https:\/\/www.hotel-luedenbach.de\/wp-content\/uploads\/luedenbach-biergarten-overath-bergisch-land-bergisch-e-bike-tankstelle-restaurant-klef-1280x853.jpg 1280w, https:\/\/www.hotel-luedenbach.de\/wp-content\/uploads\/luedenbach-biergarten-overath-bergisch-land-bergisch-e-bike-tankstelle-restaurant-klef-600x400.jpg 600w, https:\/\/www.hotel-luedenbach.de\/wp-content\/uploads\/luedenbach-biergarten-overath-bergisch-land-bergisch-e-bike-tankstelle-restaurant-klef-1200x800.jpg 1200w, https:\/\/www.hotel-luedenbach.de\/wp-content\/uploads\/luedenbach-biergarten-overath-bergisch-land-bergisch-e-bike-tankstelle-restaurant-klef-900x600.jpg 900w, https:\/\/www.hotel-luedenbach.de\/wp-content\/uploads\/luedenbach-biergarten-overath-bergisch-land-bergisch-e-bike-tankstelle-restaurant-klef-400x267.jpg 400w, https:\/\/www.hotel-luedenbach.de\/wp-content\/uploads\/luedenbach-biergarten-overath-bergisch-land-bergisch-e-bike-tankstelle-restaurant-klef-340x227.jpg 340w, https:\/\/www.hotel-luedenbach.de\/wp-content\/uploads\/luedenbach-biergarten-overath-bergisch-land-bergisch-e-bike-tankstelle-restaurant-klef-1000x667.jpg 1000w, https:\/\/www.hotel-luedenbach.de\/wp-content\/uploads\/luedenbach-biergarten-overath-bergisch-land-bergisch-e-bike-tankstelle-restaurant-klef.jpg 1920w\" sizes=\"auto, (max-width: 304px) 100vw, 304px\" \/><\/a><\/p>\n\n<\/div>\n\n<div class=\"grid__item three-twelfths palm-one-whole \">\n\n<p><a class=\"single_photoswipe\" href=\"https:\/\/www.hotel-luedenbach.de\/wp-content\/uploads\/restaurant-luedenbach-koch-andreas-2.jpg\" data-size=\"1200x873\"><img loading=\"lazy\" decoding=\"async\" class=\"aligncenter size-medium wp-image-10053\" src=\"https:\/\/www.hotel-luedenbach.de\/wp-content\/uploads\/restaurant-luedenbach-koch-andreas-2-300x218.jpg\" alt=\"restaurant-luedenbach-koch-andreas-2\" width=\"300\" height=\"218\" srcset=\"https:\/\/www.hotel-luedenbach.de\/wp-content\/uploads\/restaurant-luedenbach-koch-andreas-2-300x218.jpg 300w, https:\/\/www.hotel-luedenbach.de\/wp-content\/uploads\/restaurant-luedenbach-koch-andreas-2-768x559.jpg 768w, https:\/\/www.hotel-luedenbach.de\/wp-content\/uploads\/restaurant-luedenbach-koch-andreas-2-1024x745.jpg 1024w, https:\/\/www.hotel-luedenbach.de\/wp-content\/uploads\/restaurant-luedenbach-koch-andreas-2-340x247.jpg 340w, https:\/\/www.hotel-luedenbach.de\/wp-content\/uploads\/restaurant-luedenbach-koch-andreas-2-1000x728.jpg 1000w, https:\/\/www.hotel-luedenbach.de\/wp-content\/uploads\/restaurant-luedenbach-koch-andreas-2-600x437.jpg 600w, https:\/\/www.hotel-luedenbach.de\/wp-content\/uploads\/restaurant-luedenbach-koch-andreas-2.jpg 1200w, https:\/\/www.hotel-luedenbach.de\/wp-content\/uploads\/restaurant-luedenbach-koch-andreas-2-900x655.jpg 900w, https:\/\/www.hotel-luedenbach.de\/wp-content\/uploads\/restaurant-luedenbach-koch-andreas-2-400x291.jpg 400w\" sizes=\"auto, (max-width: 300px) 100vw, 300px\" \/><\/a><\/p>\n\n<\/div>\n\n<div class=\"grid__item three-twelfths palm-one-whole \">\n\n<p><a class=\"single_photoswipe\" href=\"https:\/\/www.hotel-luedenbach.de\/wp-content\/uploads\/restaurant-luedenbach-reservierung.jpg\" data-size=\"1200x873\"><img loading=\"lazy\" decoding=\"async\" class=\"aligncenter size-medium wp-image-10059\" src=\"https:\/\/www.hotel-luedenbach.de\/wp-content\/uploads\/restaurant-luedenbach-reservierung-300x218.jpg\" alt=\"restaurant-luedenbach-reservierung\" width=\"300\" height=\"218\" srcset=\"https:\/\/www.hotel-luedenbach.de\/wp-content\/uploads\/restaurant-luedenbach-reservierung-300x218.jpg 300w, https:\/\/www.hotel-luedenbach.de\/wp-content\/uploads\/restaurant-luedenbach-reservierung-768x559.jpg 768w, https:\/\/www.hotel-luedenbach.de\/wp-content\/uploads\/restaurant-luedenbach-reservierung-1024x745.jpg 1024w, https:\/\/www.hotel-luedenbach.de\/wp-content\/uploads\/restaurant-luedenbach-reservierung-340x247.jpg 340w, https:\/\/www.hotel-luedenbach.de\/wp-content\/uploads\/restaurant-luedenbach-reservierung-1000x728.jpg 1000w, https:\/\/www.hotel-luedenbach.de\/wp-content\/uploads\/restaurant-luedenbach-reservierung-600x437.jpg 600w, https:\/\/www.hotel-luedenbach.de\/wp-content\/uploads\/restaurant-luedenbach-reservierung.jpg 1200w, https:\/\/www.hotel-luedenbach.de\/wp-content\/uploads\/restaurant-luedenbach-reservierung-900x655.jpg 900w, https:\/\/www.hotel-luedenbach.de\/wp-content\/uploads\/restaurant-luedenbach-reservierung-400x291.jpg 400w\" sizes=\"auto, (max-width: 300px) 100vw, 300px\" \/><\/a><\/p>\n\n<\/div>\n\n<div class=\"grid__item three-twelfths palm-one-whole \">\n\n<p><a class=\"single_photoswipe\" href=\"https:\/\/www.hotel-luedenbach.de\/wp-content\/uploads\/restaurant-luedenbach-personal.jpg\" data-size=\"1200x873\"><img loading=\"lazy\" decoding=\"async\" class=\"aligncenter size-medium wp-image-10054\" src=\"https:\/\/www.hotel-luedenbach.de\/wp-content\/uploads\/restaurant-luedenbach-personal-300x218.jpg\" alt=\"restaurant-luedenbach-personal\" width=\"300\" height=\"218\" srcset=\"https:\/\/www.hotel-luedenbach.de\/wp-content\/uploads\/restaurant-luedenbach-personal-300x218.jpg 300w, https:\/\/www.hotel-luedenbach.de\/wp-content\/uploads\/restaurant-luedenbach-personal-768x559.jpg 768w, https:\/\/www.hotel-luedenbach.de\/wp-content\/uploads\/restaurant-luedenbach-personal-1024x745.jpg 1024w, https:\/\/www.hotel-luedenbach.de\/wp-content\/uploads\/restaurant-luedenbach-personal-340x247.jpg 340w, https:\/\/www.hotel-luedenbach.de\/wp-content\/uploads\/restaurant-luedenbach-personal-1000x728.jpg 1000w, https:\/\/www.hotel-luedenbach.de\/wp-content\/uploads\/restaurant-luedenbach-personal-600x437.jpg 600w, https:\/\/www.hotel-luedenbach.de\/wp-content\/uploads\/restaurant-luedenbach-personal.jpg 1200w, https:\/\/www.hotel-luedenbach.de\/wp-content\/uploads\/restaurant-luedenbach-personal-900x655.jpg 900w, https:\/\/www.hotel-luedenbach.de\/wp-content\/uploads\/restaurant-luedenbach-personal-400x291.jpg 400w\" sizes=\"auto, (max-width: 300px) 100vw, 300px\" \/><\/a><\/p>\n\n<\/div>\n\n\n<\/div>\n\n<div class=\"pixcode  pixcode--grid  grid  \">\n\n<div class=\"grid__item one-whole palm-one-whole \">\n\n<h4 style=\"text-align: center;\">Telephone: 02206\/95380 \u2013 <a href=\"mailto:info@hotel-luedenbach.de\">info@hotel-luedenbach.de<\/a><\/h4>\n\n<\/div>\n\n\n<\/div>\n\n","protected":false},"excerpt":{"rendered":"","protected":false},"author":1,"featured_media":12726,"parent":0,"menu_order":0,"comment_status":"closed","ping_status":"closed","template":"","meta":{"footnotes":""},"class_list":["post-10392","page","type-page","status-publish","has-post-thumbnail","hentry"],"yoast_head":"<!-- This site is optimized with the Yoast SEO plugin v26.9 - https:\/\/yoast.com\/product\/yoast-seo-wordpress\/ -->\n<title>Hotel Restaurant L\u00fcdenbach \u2013 Overath<\/title>\n<meta name=\"description\" content=\"Unweit der Rheinmetropolen K\u00f6ln, Bonn und D\u00fcsseldorf liegt das familiengef\u00fchrte Hotel und Restaurant L\u00fcdenbach, mitten im Gr\u00fcnen des Bergischen Landes.\" \/>\n<meta name=\"robots\" content=\"index, follow, max-snippet:-1, max-image-preview:large, max-video-preview:-1\" \/>\n<meta property=\"og:locale\" content=\"en_US\" \/>\n<meta property=\"og:type\" content=\"article\" \/>\n<meta property=\"og:title\" content=\"Hotel Restaurant L\u00fcdenbach \u2013 Overath\" \/>\n<meta property=\"og:description\" content=\"Unweit der Rheinmetropolen K\u00f6ln, Bonn und D\u00fcsseldorf liegt das familiengef\u00fchrte Hotel und Restaurant L\u00fcdenbach, mitten im Gr\u00fcnen des Bergischen Landes.\" \/>\n<meta property=\"og:url\" content=\"https:\/\/www.hotel-luedenbach.de\/en\/\" \/>\n<meta property=\"og:site_name\" content=\"Hotel Restaurant L\u00fcdenbach\" \/>\n<meta property=\"article:publisher\" content=\"https:\/\/www.facebook.com\/HotelLuedenbach\" \/>\n<meta property=\"article:modified_time\" content=\"2025-04-22T09:00:21+00:00\" \/>\n<meta property=\"og:image\" content=\"https:\/\/www.hotel-luedenbach.de\/wp-content\/uploads\/hotel-restaurant-luedenbach.jpg\" \/>\n\t<meta property=\"og:image:width\" content=\"1280\" \/>\n\t<meta property=\"og:image:height\" content=\"805\" \/>\n\t<meta property=\"og:image:type\" content=\"image\/jpeg\" \/>\n<meta name=\"twitter:card\" content=\"summary_large_image\" \/>\n<meta name=\"twitter:site\" content=\"@hotelluedenbach\" \/>\n<meta name=\"twitter:label1\" content=\"Est. reading time\" \/>\n\t<meta name=\"twitter:data1\" content=\"2 minutes\" \/>\n<script type=\"application\/ld+json\" class=\"yoast-schema-graph\">{\"@context\":\"https:\/\/schema.org\",\"@graph\":[{\"@type\":\"WebPage\",\"@id\":\"https:\/\/www.hotel-luedenbach.de\/en\/\",\"url\":\"https:\/\/www.hotel-luedenbach.de\/en\/\",\"name\":\"Hotel Restaurant L\u00fcdenbach \u2013 Overath\",\"isPartOf\":{\"@id\":\"https:\/\/www.hotel-luedenbach.de\/#website\"},\"primaryImageOfPage\":{\"@id\":\"https:\/\/www.hotel-luedenbach.de\/en\/#primaryimage\"},\"image\":{\"@id\":\"https:\/\/www.hotel-luedenbach.de\/en\/#primaryimage\"},\"thumbnailUrl\":\"https:\/\/www.hotel-luedenbach.de\/wp-content\/uploads\/hotel-restaurant-luedenbach.jpg\",\"datePublished\":\"2014-05-30T08:42:12+00:00\",\"dateModified\":\"2025-04-22T09:00:21+00:00\",\"description\":\"Unweit der Rheinmetropolen K\u00f6ln, Bonn und D\u00fcsseldorf liegt das familiengef\u00fchrte Hotel und Restaurant L\u00fcdenbach, mitten im Gr\u00fcnen des Bergischen Landes.\",\"breadcrumb\":{\"@id\":\"https:\/\/www.hotel-luedenbach.de\/en\/#breadcrumb\"},\"inLanguage\":\"en-US\",\"potentialAction\":[{\"@type\":\"ReadAction\",\"target\":[\"https:\/\/www.hotel-luedenbach.de\/en\/\"]}]},{\"@type\":\"ImageObject\",\"inLanguage\":\"en-US\",\"@id\":\"https:\/\/www.hotel-luedenbach.de\/en\/#primaryimage\",\"url\":\"https:\/\/www.hotel-luedenbach.de\/wp-content\/uploads\/hotel-restaurant-luedenbach.jpg\",\"contentUrl\":\"https:\/\/www.hotel-luedenbach.de\/wp-content\/uploads\/hotel-restaurant-luedenbach.jpg\",\"width\":1280,\"height\":805,\"caption\":\"hotel-restaurant-luedenbach\"},{\"@type\":\"BreadcrumbList\",\"@id\":\"https:\/\/www.hotel-luedenbach.de\/en\/#breadcrumb\",\"itemListElement\":[{\"@type\":\"ListItem\",\"position\":1,\"name\":\"Home\",\"item\":\"https:\/\/www.hotel-luedenbach.de\/en\/\"},{\"@type\":\"ListItem\",\"position\":2,\"name\":\"Home\"}]},{\"@type\":\"WebSite\",\"@id\":\"https:\/\/www.hotel-luedenbach.de\/#website\",\"url\":\"https:\/\/www.hotel-luedenbach.de\/\",\"name\":\"Hotel Restaurant L\u00fcdenbach\",\"description\":\"\",\"publisher\":{\"@id\":\"https:\/\/www.hotel-luedenbach.de\/#organization\"},\"potentialAction\":[{\"@type\":\"SearchAction\",\"target\":{\"@type\":\"EntryPoint\",\"urlTemplate\":\"https:\/\/www.hotel-luedenbach.de\/?s={search_term_string}\"},\"query-input\":{\"@type\":\"PropertyValueSpecification\",\"valueRequired\":true,\"valueName\":\"search_term_string\"}}],\"inLanguage\":\"en-US\"},{\"@type\":\"Organization\",\"@id\":\"https:\/\/www.hotel-luedenbach.de\/#organization\",\"name\":\"Hotel Restaurant L\u00fcdenbach\",\"url\":\"https:\/\/www.hotel-luedenbach.de\/\",\"logo\":{\"@type\":\"ImageObject\",\"inLanguage\":\"en-US\",\"@id\":\"https:\/\/www.hotel-luedenbach.de\/#\/schema\/logo\/image\/\",\"url\":\"https:\/\/www.hotel-luedenbach.de\/wp-content\/uploads\/cropped-luedenbach-website-icon.png\",\"contentUrl\":\"https:\/\/www.hotel-luedenbach.de\/wp-content\/uploads\/cropped-luedenbach-website-icon.png\",\"width\":512,\"height\":512,\"caption\":\"Hotel Restaurant L\u00fcdenbach\"},\"image\":{\"@id\":\"https:\/\/www.hotel-luedenbach.de\/#\/schema\/logo\/image\/\"},\"sameAs\":[\"https:\/\/www.facebook.com\/HotelLuedenbach\",\"https:\/\/x.com\/hotelluedenbach\",\"http:\/\/hotelrestaurantluedenbach\",\"https:\/\/www.youtube.com\/channel\/UCKkdSof6JazIVh3usRahNig\"]}]}<\/script>\n<!-- \/ Yoast SEO plugin. -->","yoast_head_json":{"title":"Hotel Restaurant L\u00fcdenbach \u2013 Overath","description":"Unweit der Rheinmetropolen K\u00f6ln, Bonn und D\u00fcsseldorf liegt das familiengef\u00fchrte Hotel und Restaurant L\u00fcdenbach, mitten im Gr\u00fcnen des Bergischen Landes.","robots":{"index":"index","follow":"follow","max-snippet":"max-snippet:-1","max-image-preview":"max-image-preview:large","max-video-preview":"max-video-preview:-1"},"og_locale":"en_US","og_type":"article","og_title":"Hotel Restaurant L\u00fcdenbach \u2013 Overath","og_description":"Unweit der Rheinmetropolen K\u00f6ln, Bonn und D\u00fcsseldorf liegt das familiengef\u00fchrte Hotel und Restaurant L\u00fcdenbach, mitten im Gr\u00fcnen des Bergischen Landes.","og_url":"https:\/\/www.hotel-luedenbach.de\/en\/","og_site_name":"Hotel Restaurant L\u00fcdenbach","article_publisher":"https:\/\/www.facebook.com\/HotelLuedenbach","article_modified_time":"2025-04-22T09:00:21+00:00","og_image":[{"width":1280,"height":805,"url":"https:\/\/www.hotel-luedenbach.de\/wp-content\/uploads\/hotel-restaurant-luedenbach.jpg","type":"image\/jpeg"}],"twitter_card":"summary_large_image","twitter_site":"@hotelluedenbach","twitter_misc":{"Est. reading time":"2 minutes"},"schema":{"@context":"https:\/\/schema.org","@graph":[{"@type":"WebPage","@id":"https:\/\/www.hotel-luedenbach.de\/en\/","url":"https:\/\/www.hotel-luedenbach.de\/en\/","name":"Hotel Restaurant L\u00fcdenbach \u2013 Overath","isPartOf":{"@id":"https:\/\/www.hotel-luedenbach.de\/#website"},"primaryImageOfPage":{"@id":"https:\/\/www.hotel-luedenbach.de\/en\/#primaryimage"},"image":{"@id":"https:\/\/www.hotel-luedenbach.de\/en\/#primaryimage"},"thumbnailUrl":"https:\/\/www.hotel-luedenbach.de\/wp-content\/uploads\/hotel-restaurant-luedenbach.jpg","datePublished":"2014-05-30T08:42:12+00:00","dateModified":"2025-04-22T09:00:21+00:00","description":"Unweit der Rheinmetropolen K\u00f6ln, Bonn und D\u00fcsseldorf liegt das familiengef\u00fchrte Hotel und Restaurant L\u00fcdenbach, mitten im Gr\u00fcnen des Bergischen Landes.","breadcrumb":{"@id":"https:\/\/www.hotel-luedenbach.de\/en\/#breadcrumb"},"inLanguage":"en-US","potentialAction":[{"@type":"ReadAction","target":["https:\/\/www.hotel-luedenbach.de\/en\/"]}]},{"@type":"ImageObject","inLanguage":"en-US","@id":"https:\/\/www.hotel-luedenbach.de\/en\/#primaryimage","url":"https:\/\/www.hotel-luedenbach.de\/wp-content\/uploads\/hotel-restaurant-luedenbach.jpg","contentUrl":"https:\/\/www.hotel-luedenbach.de\/wp-content\/uploads\/hotel-restaurant-luedenbach.jpg","width":1280,"height":805,"caption":"hotel-restaurant-luedenbach"},{"@type":"BreadcrumbList","@id":"https:\/\/www.hotel-luedenbach.de\/en\/#breadcrumb","itemListElement":[{"@type":"ListItem","position":1,"name":"Home","item":"https:\/\/www.hotel-luedenbach.de\/en\/"},{"@type":"ListItem","position":2,"name":"Home"}]},{"@type":"WebSite","@id":"https:\/\/www.hotel-luedenbach.de\/#website","url":"https:\/\/www.hotel-luedenbach.de\/","name":"Hotel Restaurant L\u00fcdenbach","description":"","publisher":{"@id":"https:\/\/www.hotel-luedenbach.de\/#organization"},"potentialAction":[{"@type":"SearchAction","target":{"@type":"EntryPoint","urlTemplate":"https:\/\/www.hotel-luedenbach.de\/?s={search_term_string}"},"query-input":{"@type":"PropertyValueSpecification","valueRequired":true,"valueName":"search_term_string"}}],"inLanguage":"en-US"},{"@type":"Organization","@id":"https:\/\/www.hotel-luedenbach.de\/#organization","name":"Hotel Restaurant L\u00fcdenbach","url":"https:\/\/www.hotel-luedenbach.de\/","logo":{"@type":"ImageObject","inLanguage":"en-US","@id":"https:\/\/www.hotel-luedenbach.de\/#\/schema\/logo\/image\/","url":"https:\/\/www.hotel-luedenbach.de\/wp-content\/uploads\/cropped-luedenbach-website-icon.png","contentUrl":"https:\/\/www.hotel-luedenbach.de\/wp-content\/uploads\/cropped-luedenbach-website-icon.png","width":512,"height":512,"caption":"Hotel Restaurant L\u00fcdenbach"},"image":{"@id":"https:\/\/www.hotel-luedenbach.de\/#\/schema\/logo\/image\/"},"sameAs":["https:\/\/www.facebook.com\/HotelLuedenbach","https:\/\/x.com\/hotelluedenbach","http:\/\/hotelrestaurantluedenbach","https:\/\/www.youtube.com\/channel\/UCKkdSof6JazIVh3usRahNig"]}]}},"_links":{"self":[{"href":"https:\/\/www.hotel-luedenbach.de\/en\/wp-json\/wp\/v2\/pages\/10392","targetHints":{"allow":["GET"]}}],"collection":[{"href":"https:\/\/www.hotel-luedenbach.de\/en\/wp-json\/wp\/v2\/pages"}],"about":[{"href":"https:\/\/www.hotel-luedenbach.de\/en\/wp-json\/wp\/v2\/types\/page"}],"author":[{"embeddable":true,"href":"https:\/\/www.hotel-luedenbach.de\/en\/wp-json\/wp\/v2\/users\/1"}],"replies":[{"embeddable":true,"href":"https:\/\/www.hotel-luedenbach.de\/en\/wp-json\/wp\/v2\/comments?post=10392"}],"version-history":[{"count":3,"href":"https:\/\/www.hotel-luedenbach.de\/en\/wp-json\/wp\/v2\/pages\/10392\/revisions"}],"predecessor-version":[{"id":14752,"href":"https:\/\/www.hotel-luedenbach.de\/en\/wp-json\/wp\/v2\/pages\/10392\/revisions\/14752"}],"wp:featuredmedia":[{"embeddable":true,"href":"https:\/\/www.hotel-luedenbach.de\/en\/wp-json\/wp\/v2\/media\/12726"}],"wp:attachment":[{"href":"https:\/\/www.hotel-luedenbach.de\/en\/wp-json\/wp\/v2\/media?parent=10392"}],"curies":[{"name":"wp","href":"https:\/\/api.w.org\/{rel}","templated":true}]}}